{"id":1035,"date":"2016-07-18T15:54:35","date_gmt":"2016-07-18T13:54:35","guid":{"rendered":"http:\/\/jadebeauty.hu\/?page_id=1035"},"modified":"2024-09-23T09:22:45","modified_gmt":"2024-09-23T09:22:45","slug":"szallitasi-modok","status":"publish","type":"page","link":"http:\/\/masszazsbirodalom.eu\/?page_id=1035","title":{"rendered":"Sz\u00e1ll\u00edt\u00e1si, fizet\u00e9si felt\u00e9telek"},"content":{"rendered":"<p style=\"text-align: center;\"><strong>Sz\u00e1ll\u00edt\u00e1si, fizet\u00e9si\u00a0felt\u00e9telek<\/strong><\/p>\n<p>A megrendelt term\u00e9keket partner\u00fcnk a GLS fut\u00e1rszolg\u00e1lat sz\u00e1ll\u00edtja h\u00e1zhoz.<\/p>\n<p>Fizet\u00e9si m\u00f3dok:<\/p>\n<p><strong>El\u0151re utal\u00e1s:<\/strong>\u00a0A rendel\u00e9s lead\u00e1s\u00e1t k\u00f6vet\u0151en d\u00edjbek\u00e9r\u0151t k\u00fcld\u00fcnk ami tartalmazza a ki\u00e1ll\u00edtott sz\u00e1mla sz\u00e1m\u00e1t, \u00f6sszeg\u00e9t, \u00e9s c\u00e9g\u00fcnk banksz\u00e1mla sz\u00e1m\u00e1t. A megrendelt term\u00e9kek kisz\u00e1ll\u00edt\u00e1sa a d\u00edjbek\u00e9r\u0151 kiegyenl\u00edt\u00e9s\u00e9t k\u00f6vet\u0151 5 munkanapon bel\u00fcl t\u00f6rt\u00e9nik. A sz\u00e1ml\u00e1t a k\u00fcldem\u00e9ny tartalmazza. El\u0151re utal\u00e1s eset\u00e9n a sz\u00e1ll\u00edt\u00e1s d\u00edja brutt\u00f3 <strong>2000 Ft<\/strong><\/p>\n<p><strong>Ut\u00e1nv\u00e9t:<\/strong> A k\u00fcldem\u00e9ny ellen\u00e9rt\u00e9k\u00e9t \u00d6n a fut\u00e1rnak fizeti kisz\u00e1ll\u00edt\u00e1skor.\u00a0A sz\u00e1ml\u00e1t a k\u00fcldem\u00e9ny tartalmazza. Ut\u00e1nv\u00e9teles fizet\u00e9si m\u00f3d v\u00e1laszt\u00e1sa eset\u00e9n a sz\u00e1ll\u00edt\u00e1s d\u00edja brutt\u00f3 <strong>2700 Ft<\/strong>. Massz\u00e1zs\u00e1gyak eset\u00e9n az ut\u00e1nv\u00e9teles fizet\u00e9si lehet\u0151s\u00e9g nem v\u00e1laszthat\u00f3.<\/p>\n<p>Ha kiv\u00e1lasztotta a term\u00e9keket amelyeket meg szeretne rendelni, a fizet\u00e9si m\u00f3d kiv\u00e1laszt\u00e1s\u00e1ra fizet\u00e9si oldalon van lehet\u0151s\u00e9g. A rendszer a sz\u00e1ll\u00edt\u00e1s d\u00edj\u00e1t\u00a0automatikusan kisz\u00e1m\u00edtja.<\/p>\n","protected":false},"excerpt":{"rendered":"<p>Sz\u00e1ll\u00edt\u00e1si, fizet\u00e9si\u00a0felt\u00e9telek A megrendelt term\u00e9keket partner\u00fcnk a GLS fut\u00e1rszolg\u00e1lat sz\u00e1ll\u00edtja h\u00e1zhoz. Fizet\u00e9si m\u00f3dok: El\u0151re utal\u00e1s:\u00a0A rendel\u00e9s lead\u00e1s\u00e1t k\u00f6vet\u0151en d\u00edjbek\u00e9r\u0151t k\u00fcld\u00fcnk ami tartalmazza a ki\u00e1ll\u00edtott sz\u00e1mla sz\u00e1m\u00e1t, \u00f6sszeg\u00e9t, \u00e9s c\u00e9g\u00fcnk banksz\u00e1mla sz\u00e1m\u00e1t. A megrendelt term\u00e9kek kisz\u00e1ll\u00edt\u00e1sa a d\u00edjbek\u00e9r\u0151 kiegyenl\u00edt\u00e9s\u00e9t k\u00f6vet\u0151 5 munkanapon bel\u00fcl t\u00f6rt\u00e9nik. A sz\u00e1ml\u00e1t a k\u00fcldem\u00e9ny tartalmazza. El\u0151re utal\u00e1s eset\u00e9n a sz\u00e1ll\u00edt\u00e1s d\u00edja brutt\u00f3 [&hellip;]<\/p>\n","protected":false},"author":1,"featured_media":0,"parent":0,"menu_order":0,"comment_status":"closed","ping_status":"closed","template":"","meta":[],"yoast_head":"<!-- This site is optimized with the Yoast SEO plugin v17.4 - https:\/\/yoast.com\/wordpress\/plugins\/seo\/ -->\n<title>Sz\u00e1ll\u00edt\u00e1si, fizet\u00e9si felt\u00e9telek - Emspoma webshop<\/title>\n<meta name=\"robots\" content=\"index, follow, max-snippet:-1, max-image-preview:large, max-video-preview:-1\" \/>\n<link rel=\"canonical\" href=\"http:\/\/masszazsbirodalom.eu\/?page_id=1035\" \/>\n<meta property=\"og:locale\" content=\"hu_HU\" \/>\n<meta property=\"og:type\" content=\"article\" \/>\n<meta property=\"og:title\" content=\"Sz\u00e1ll\u00edt\u00e1si, fizet\u00e9si felt\u00e9telek - Emspoma webshop\" \/>\n<meta property=\"og:description\" content=\"Sz\u00e1ll\u00edt\u00e1si, fizet\u00e9si\u00a0felt\u00e9telek A megrendelt term\u00e9keket partner\u00fcnk a GLS fut\u00e1rszolg\u00e1lat sz\u00e1ll\u00edtja h\u00e1zhoz. Fizet\u00e9si m\u00f3dok: El\u0151re utal\u00e1s:\u00a0A rendel\u00e9s lead\u00e1s\u00e1t k\u00f6vet\u0151en d\u00edjbek\u00e9r\u0151t k\u00fcld\u00fcnk ami tartalmazza a ki\u00e1ll\u00edtott sz\u00e1mla sz\u00e1m\u00e1t, \u00f6sszeg\u00e9t, \u00e9s c\u00e9g\u00fcnk banksz\u00e1mla sz\u00e1m\u00e1t. A megrendelt term\u00e9kek kisz\u00e1ll\u00edt\u00e1sa a d\u00edjbek\u00e9r\u0151 kiegyenl\u00edt\u00e9s\u00e9t k\u00f6vet\u0151 5 munkanapon bel\u00fcl t\u00f6rt\u00e9nik. A sz\u00e1ml\u00e1t a k\u00fcldem\u00e9ny tartalmazza. El\u0151re utal\u00e1s eset\u00e9n a sz\u00e1ll\u00edt\u00e1s d\u00edja brutt\u00f3 [&hellip;]\" \/>\n<meta property=\"og:url\" content=\"http:\/\/masszazsbirodalom.eu\/?page_id=1035\" \/>\n<meta property=\"og:site_name\" content=\"Emspoma webshop\" \/>\n<meta property=\"article:publisher\" content=\"https:\/\/www.facebook.com\/masszazsbirodalom\/\" \/>\n<meta property=\"article:modified_time\" content=\"2024-09-23T09:22:45+00:00\" \/>\n<meta name=\"twitter:card\" content=\"summary\" \/>\n<meta name=\"twitter:site\" content=\"@masszazs_bir\" \/>\n<meta name=\"twitter:label1\" content=\"Becs\u00fclt olvas\u00e1si id\u0151\" \/>\n\t<meta name=\"twitter:data1\" content=\"1 perc\" \/>\n<script type=\"application\/ld+json\" class=\"yoast-schema-graph\">{\"@context\":\"https:\/\/schema.org\",\"@graph\":[{\"@type\":\"WebSite\",\"@id\":\"http:\/\/masszazsbirodalom.eu\/#website\",\"url\":\"http:\/\/masszazsbirodalom.eu\/\",\"name\":\"Emspoma webshop\",\"description\":\"\",\"potentialAction\":[{\"@type\":\"SearchAction\",\"target\":{\"@type\":\"EntryPoint\",\"urlTemplate\":\"http:\/\/masszazsbirodalom.eu\/?s={search_term_string}\"},\"query-input\":\"required name=search_term_string\"}],\"inLanguage\":\"hu\"},{\"@type\":\"WebPage\",\"@id\":\"http:\/\/masszazsbirodalom.eu\/?page_id=1035#webpage\",\"url\":\"http:\/\/masszazsbirodalom.eu\/?page_id=1035\",\"name\":\"Sz\\u00e1ll\\u00edt\\u00e1si, fizet\\u00e9si felt\\u00e9telek - Emspoma webshop\",\"isPartOf\":{\"@id\":\"http:\/\/masszazsbirodalom.eu\/#website\"},\"datePublished\":\"2016-07-18T13:54:35+00:00\",\"dateModified\":\"2024-09-23T09:22:45+00:00\",\"breadcrumb\":{\"@id\":\"http:\/\/masszazsbirodalom.eu\/?page_id=1035#breadcrumb\"},\"inLanguage\":\"hu\",\"potentialAction\":[{\"@type\":\"ReadAction\",\"target\":[\"http:\/\/masszazsbirodalom.eu\/?page_id=1035\"]}]},{\"@type\":\"BreadcrumbList\",\"@id\":\"http:\/\/masszazsbirodalom.eu\/?page_id=1035#breadcrumb\",\"itemListElement\":[{\"@type\":\"ListItem\",\"position\":1,\"name\":\"Home\",\"item\":\"http:\/\/masszazsbirodalom.eu\/\"},{\"@type\":\"ListItem\",\"position\":2,\"name\":\"Sz\\u00e1ll\\u00edt\\u00e1si, fizet\\u00e9si felt\\u00e9telek\"}]}]}<\/script>\n<!-- \/ Yoast SEO plugin. -->","yoast_head_json":{"title":"Sz\u00e1ll\u00edt\u00e1si, fizet\u00e9si felt\u00e9telek - Emspoma webshop","robots":{"index":"index","follow":"follow","max-snippet":"max-snippet:-1","max-image-preview":"max-image-preview:large","max-video-preview":"max-video-preview:-1"},"canonical":"http:\/\/masszazsbirodalom.eu\/?page_id=1035","og_locale":"hu_HU","og_type":"article","og_title":"Sz\u00e1ll\u00edt\u00e1si, fizet\u00e9si felt\u00e9telek - Emspoma webshop","og_description":"Sz\u00e1ll\u00edt\u00e1si, fizet\u00e9si\u00a0felt\u00e9telek A megrendelt term\u00e9keket partner\u00fcnk a GLS fut\u00e1rszolg\u00e1lat sz\u00e1ll\u00edtja h\u00e1zhoz. Fizet\u00e9si m\u00f3dok: El\u0151re utal\u00e1s:\u00a0A rendel\u00e9s lead\u00e1s\u00e1t k\u00f6vet\u0151en d\u00edjbek\u00e9r\u0151t k\u00fcld\u00fcnk ami tartalmazza a ki\u00e1ll\u00edtott sz\u00e1mla sz\u00e1m\u00e1t, \u00f6sszeg\u00e9t, \u00e9s c\u00e9g\u00fcnk banksz\u00e1mla sz\u00e1m\u00e1t. A megrendelt term\u00e9kek kisz\u00e1ll\u00edt\u00e1sa a d\u00edjbek\u00e9r\u0151 kiegyenl\u00edt\u00e9s\u00e9t k\u00f6vet\u0151 5 munkanapon bel\u00fcl t\u00f6rt\u00e9nik. A sz\u00e1ml\u00e1t a k\u00fcldem\u00e9ny tartalmazza. El\u0151re utal\u00e1s eset\u00e9n a sz\u00e1ll\u00edt\u00e1s d\u00edja brutt\u00f3 [&hellip;]","og_url":"http:\/\/masszazsbirodalom.eu\/?page_id=1035","og_site_name":"Emspoma webshop","article_publisher":"https:\/\/www.facebook.com\/masszazsbirodalom\/","article_modified_time":"2024-09-23T09:22:45+00:00","twitter_card":"summary","twitter_site":"@masszazs_bir","twitter_misc":{"Becs\u00fclt olvas\u00e1si id\u0151":"1 perc"},"schema":{"@context":"https:\/\/schema.org","@graph":[{"@type":"WebSite","@id":"http:\/\/masszazsbirodalom.eu\/#website","url":"http:\/\/masszazsbirodalom.eu\/","name":"Emspoma webshop","description":"","potentialAction":[{"@type":"SearchAction","target":{"@type":"EntryPoint","urlTemplate":"http:\/\/masszazsbirodalom.eu\/?s={search_term_string}"},"query-input":"required name=search_term_string"}],"inLanguage":"hu"},{"@type":"WebPage","@id":"http:\/\/masszazsbirodalom.eu\/?page_id=1035#webpage","url":"http:\/\/masszazsbirodalom.eu\/?page_id=1035","name":"Sz\u00e1ll\u00edt\u00e1si, fizet\u00e9si felt\u00e9telek - Emspoma webshop","isPartOf":{"@id":"http:\/\/masszazsbirodalom.eu\/#website"},"datePublished":"2016-07-18T13:54:35+00:00","dateModified":"2024-09-23T09:22:45+00:00","breadcrumb":{"@id":"http:\/\/masszazsbirodalom.eu\/?page_id=1035#breadcrumb"},"inLanguage":"hu","potentialAction":[{"@type":"ReadAction","target":["http:\/\/masszazsbirodalom.eu\/?page_id=1035"]}]},{"@type":"BreadcrumbList","@id":"http:\/\/masszazsbirodalom.eu\/?page_id=1035#breadcrumb","itemListElement":[{"@type":"ListItem","position":1,"name":"Home","item":"http:\/\/masszazsbirodalom.eu\/"},{"@type":"ListItem","position":2,"name":"Sz\u00e1ll\u00edt\u00e1si, fizet\u00e9si felt\u00e9telek"}]}]}},"_links":{"self":[{"href":"http:\/\/masszazsbirodalom.eu\/index.php?rest_route=\/wp\/v2\/pages\/1035"}],"collection":[{"href":"http:\/\/masszazsbirodalom.eu\/index.php?rest_route=\/wp\/v2\/pages"}],"about":[{"href":"http:\/\/masszazsbirodalom.eu\/index.php?rest_route=\/wp\/v2\/types\/page"}],"author":[{"embeddable":true,"href":"http:\/\/masszazsbirodalom.eu\/index.php?rest_route=\/wp\/v2\/users\/1"}],"replies":[{"embeddable":true,"href":"http:\/\/masszazsbirodalom.eu\/index.php?rest_route=%2Fwp%2Fv2%2Fcomments&post=1035"}],"version-history":[{"count":1,"href":"http:\/\/masszazsbirodalom.eu\/index.php?rest_route=\/wp\/v2\/pages\/1035\/revisions"}],"predecessor-version":[{"id":2742,"href":"http:\/\/masszazsbirodalom.eu\/index.php?rest_route=\/wp\/v2\/pages\/1035\/revisions\/2742"}],"wp:attachment":[{"href":"http:\/\/masszazsbirodalom.eu\/index.php?rest_route=%2Fwp%2Fv2%2Fmedia&parent=1035"}],"curies":[{"name":"wp","href":"https:\/\/api.w.org\/{rel}","templated":true}]}}