{"id":2523,"date":"2020-07-14T19:27:56","date_gmt":"2020-07-14T19:27:56","guid":{"rendered":"https:\/\/masszazsbirodalom.eu\/?post_type=product&#038;p=2523"},"modified":"2026-01-13T16:09:46","modified_gmt":"2026-01-13T16:09:46","slug":"stria-krem-100ml","status":"publish","type":"product","link":"http:\/\/masszazsbirodalom.eu\/?product=stria-krem-100ml","title":{"rendered":"Stria Kr\u00e9m 100ml"},"content":{"rendered":"<p>Seg\u00edt megel\u0151zni a h\u00edz\u00e1s\/fogy\u00e1s, a v\u00e1rand\u00f3ss\u00e1g \u00e9s a hirtelen n\u00f6veked\u00e9s sor\u00e1n jelentkez\u0151 b\u0151rcs\u00edkok, \u00fan. stria kialakul\u00e1s\u00e1t, illetve jav\u00edtja a megl\u00e9v\u0151 cs\u00edkok \u00e1llapot\u00e1t. A term\u00e9szetes borosty\u00e1n-, centella-kivonat, Arginin+Lisin aminosavak \u00e9s pantenol optim\u00e1lis kombin\u00e1ci\u00f3ja t\u00e1mogatja a b\u0151r kollag\u00e9n \u00e9s rugalmas rostjainak k\u00e9pz\u0151d\u00e9s\u00e9t. Hidrat\u00e1lja \u00e9s feszesebb\u00e9 var\u00e1zsolja a b\u0151rt. Term\u00e9szetes hat\u00f3anyagainak \u00e9s hypoallergen \u00f6sszet\u00e9tel\u00e9nek k\u00f6sz\u00f6nhet\u0151en terhess\u00e9g \u00e9s szoptat\u00e1s alatt is biztons\u00e1ggal haszn\u00e1lhat\u00f3.<\/p>\n<p>Tart\u00f3s\u00edt\u00f3szert, mesters\u00e9ges sz\u00ednez\u0151anyagot nem tartalmaz.<br \/>\nGy\u00f3gyszer\u00e9szek \u00e1ltal fejlesztett.<\/p>\n<p>Akt\u00edv anyagai: Pantenol, Centella, Amino Komplex<\/p>\n<p>100 ml<\/p>\n","protected":false},"excerpt":{"rendered":"<p>Seg\u00edt megel\u0151zni a h\u00edz\u00e1s\/fogy\u00e1s, a v\u00e1rand\u00f3ss\u00e1g \u00e9s a hirtelen n\u00f6veked\u00e9s sor\u00e1n jelentkez\u0151 b\u0151rcs\u00edkok, \u00fan. stria kialakul\u00e1s\u00e1t, illetve jav\u00edtja a megl\u00e9v\u0151 cs\u00edkok \u00e1llapot\u00e1t. A term\u00e9szetes borosty\u00e1n-, centella-kivonat, Arginin+Lisin aminosavak \u00e9s pantenol optim\u00e1lis kombin\u00e1ci\u00f3ja t\u00e1mogatja a b\u0151r kollag\u00e9n \u00e9s rugalmas rostjainak k\u00e9pz\u0151d\u00e9s\u00e9t. Hidrat\u00e1lja \u00e9s feszesebb\u00e9 var\u00e1zsolja a b\u0151rt. Term\u00e9szetes hat\u00f3anyagainak \u00e9s hypoallergen \u00f6sszet\u00e9tel\u00e9nek k\u00f6sz\u00f6nhet\u0151en terhess\u00e9g \u00e9s szoptat\u00e1s [&hellip;]<\/p>\n","protected":false},"featured_media":2729,"template":"","meta":[],"product_cat":[153],"product_tag":[169,152,190],"yoast_head":"<!-- This site is optimized with the Yoast SEO plugin v17.4 - https:\/\/yoast.com\/wordpress\/plugins\/seo\/ -->\n<title>Stria Kr\u00e9m 100ml - Emspoma webshop<\/title>\n<meta name=\"robots\" content=\"index, follow, max-snippet:-1, max-image-preview:large, max-video-preview:-1\" \/>\n<link rel=\"canonical\" href=\"http:\/\/masszazsbirodalom.eu\/?product=stria-krem-100ml\" \/>\n<meta property=\"og:locale\" content=\"hu_HU\" \/>\n<meta property=\"og:type\" content=\"article\" \/>\n<meta property=\"og:title\" content=\"Stria Kr\u00e9m 100ml - Emspoma webshop\" \/>\n<meta property=\"og:description\" content=\"Seg\u00edt megel\u0151zni a h\u00edz\u00e1s\/fogy\u00e1s, a v\u00e1rand\u00f3ss\u00e1g \u00e9s a hirtelen n\u00f6veked\u00e9s sor\u00e1n jelentkez\u0151 b\u0151rcs\u00edkok, \u00fan. stria kialakul\u00e1s\u00e1t, illetve jav\u00edtja a megl\u00e9v\u0151 cs\u00edkok \u00e1llapot\u00e1t. A term\u00e9szetes borosty\u00e1n-, centella-kivonat, Arginin+Lisin aminosavak \u00e9s pantenol optim\u00e1lis kombin\u00e1ci\u00f3ja t\u00e1mogatja a b\u0151r kollag\u00e9n \u00e9s rugalmas rostjainak k\u00e9pz\u0151d\u00e9s\u00e9t. Hidrat\u00e1lja \u00e9s feszesebb\u00e9 var\u00e1zsolja a b\u0151rt. Term\u00e9szetes hat\u00f3anyagainak \u00e9s hypoallergen \u00f6sszet\u00e9tel\u00e9nek k\u00f6sz\u00f6nhet\u0151en terhess\u00e9g \u00e9s szoptat\u00e1s [&hellip;]\" \/>\n<meta property=\"og:url\" content=\"http:\/\/masszazsbirodalom.eu\/?product=stria-krem-100ml\" \/>\n<meta property=\"og:site_name\" content=\"Emspoma webshop\" \/>\n<meta property=\"article:publisher\" content=\"https:\/\/www.facebook.com\/masszazsbirodalom\/\" \/>\n<meta property=\"article:modified_time\" content=\"2026-01-13T16:09:46+00:00\" \/>\n<meta property=\"og:image\" content=\"http:\/\/masszazsbirodalom.eu\/wp-content\/uploads\/2024\/01\/stria-krem-100ml.jpg\" \/>\n\t<meta property=\"og:image:width\" content=\"400\" \/>\n\t<meta property=\"og:image:height\" content=\"400\" \/>\n<meta name=\"twitter:card\" content=\"summary\" \/>\n<meta name=\"twitter:site\" content=\"@masszazs_bir\" \/>\n<meta name=\"twitter:label1\" content=\"Becs\u00fclt olvas\u00e1si id\u0151\" \/>\n\t<meta name=\"twitter:data1\" content=\"1 perc\" \/>\n<script type=\"application\/ld+json\" class=\"yoast-schema-graph\">{\"@context\":\"https:\/\/schema.org\",\"@graph\":[{\"@type\":\"WebSite\",\"@id\":\"http:\/\/masszazsbirodalom.eu\/#website\",\"url\":\"http:\/\/masszazsbirodalom.eu\/\",\"name\":\"Emspoma webshop\",\"description\":\"\",\"potentialAction\":[{\"@type\":\"SearchAction\",\"target\":{\"@type\":\"EntryPoint\",\"urlTemplate\":\"http:\/\/masszazsbirodalom.eu\/?s={search_term_string}\"},\"query-input\":\"required name=search_term_string\"}],\"inLanguage\":\"hu\"},{\"@type\":\"ImageObject\",\"@id\":\"http:\/\/masszazsbirodalom.eu\/?product=stria-krem-100ml#primaryimage\",\"inLanguage\":\"hu\",\"url\":\"http:\/\/masszazsbirodalom.eu\/wp-content\/uploads\/2024\/01\/stria-krem-100ml.jpg\",\"contentUrl\":\"http:\/\/masszazsbirodalom.eu\/wp-content\/uploads\/2024\/01\/stria-krem-100ml.jpg\",\"width\":400,\"height\":400},{\"@type\":\"WebPage\",\"@id\":\"http:\/\/masszazsbirodalom.eu\/?product=stria-krem-100ml#webpage\",\"url\":\"http:\/\/masszazsbirodalom.eu\/?product=stria-krem-100ml\",\"name\":\"Stria Kr\\u00e9m 100ml - Emspoma webshop\",\"isPartOf\":{\"@id\":\"http:\/\/masszazsbirodalom.eu\/#website\"},\"primaryImageOfPage\":{\"@id\":\"http:\/\/masszazsbirodalom.eu\/?product=stria-krem-100ml#primaryimage\"},\"datePublished\":\"2020-07-14T19:27:56+00:00\",\"dateModified\":\"2026-01-13T16:09:46+00:00\",\"breadcrumb\":{\"@id\":\"http:\/\/masszazsbirodalom.eu\/?product=stria-krem-100ml#breadcrumb\"},\"inLanguage\":\"hu\",\"potentialAction\":[{\"@type\":\"ReadAction\",\"target\":[\"http:\/\/masszazsbirodalom.eu\/?product=stria-krem-100ml\"]}]},{\"@type\":\"BreadcrumbList\",\"@id\":\"http:\/\/masszazsbirodalom.eu\/?product=stria-krem-100ml#breadcrumb\",\"itemListElement\":[{\"@type\":\"ListItem\",\"position\":1,\"name\":\"Home\",\"item\":\"http:\/\/masszazsbirodalom.eu\/\"},{\"@type\":\"ListItem\",\"position\":2,\"name\":\"\\u00dczlet\",\"item\":\"http:\/\/masszazsbirodalom.eu\/?page_id=4\"},{\"@type\":\"ListItem\",\"position\":3,\"name\":\"Stria Kr\\u00e9m 100ml\"}]}]}<\/script>\n<!-- \/ Yoast SEO plugin. -->","yoast_head_json":{"title":"Stria Kr\u00e9m 100ml - Emspoma webshop","robots":{"index":"index","follow":"follow","max-snippet":"max-snippet:-1","max-image-preview":"max-image-preview:large","max-video-preview":"max-video-preview:-1"},"canonical":"http:\/\/masszazsbirodalom.eu\/?product=stria-krem-100ml","og_locale":"hu_HU","og_type":"article","og_title":"Stria Kr\u00e9m 100ml - Emspoma webshop","og_description":"Seg\u00edt megel\u0151zni a h\u00edz\u00e1s\/fogy\u00e1s, a v\u00e1rand\u00f3ss\u00e1g \u00e9s a hirtelen n\u00f6veked\u00e9s sor\u00e1n jelentkez\u0151 b\u0151rcs\u00edkok, \u00fan. stria kialakul\u00e1s\u00e1t, illetve jav\u00edtja a megl\u00e9v\u0151 cs\u00edkok \u00e1llapot\u00e1t. A term\u00e9szetes borosty\u00e1n-, centella-kivonat, Arginin+Lisin aminosavak \u00e9s pantenol optim\u00e1lis kombin\u00e1ci\u00f3ja t\u00e1mogatja a b\u0151r kollag\u00e9n \u00e9s rugalmas rostjainak k\u00e9pz\u0151d\u00e9s\u00e9t. Hidrat\u00e1lja \u00e9s feszesebb\u00e9 var\u00e1zsolja a b\u0151rt. Term\u00e9szetes hat\u00f3anyagainak \u00e9s hypoallergen \u00f6sszet\u00e9tel\u00e9nek k\u00f6sz\u00f6nhet\u0151en terhess\u00e9g \u00e9s szoptat\u00e1s [&hellip;]","og_url":"http:\/\/masszazsbirodalom.eu\/?product=stria-krem-100ml","og_site_name":"Emspoma webshop","article_publisher":"https:\/\/www.facebook.com\/masszazsbirodalom\/","article_modified_time":"2026-01-13T16:09:46+00:00","og_image":[{"width":400,"height":400,"url":"http:\/\/masszazsbirodalom.eu\/wp-content\/uploads\/2024\/01\/stria-krem-100ml.jpg","type":"image\/jpeg"}],"twitter_card":"summary","twitter_site":"@masszazs_bir","twitter_misc":{"Becs\u00fclt olvas\u00e1si id\u0151":"1 perc"},"schema":{"@context":"https:\/\/schema.org","@graph":[{"@type":"WebSite","@id":"http:\/\/masszazsbirodalom.eu\/#website","url":"http:\/\/masszazsbirodalom.eu\/","name":"Emspoma webshop","description":"","potentialAction":[{"@type":"SearchAction","target":{"@type":"EntryPoint","urlTemplate":"http:\/\/masszazsbirodalom.eu\/?s={search_term_string}"},"query-input":"required name=search_term_string"}],"inLanguage":"hu"},{"@type":"ImageObject","@id":"http:\/\/masszazsbirodalom.eu\/?product=stria-krem-100ml#primaryimage","inLanguage":"hu","url":"http:\/\/masszazsbirodalom.eu\/wp-content\/uploads\/2024\/01\/stria-krem-100ml.jpg","contentUrl":"http:\/\/masszazsbirodalom.eu\/wp-content\/uploads\/2024\/01\/stria-krem-100ml.jpg","width":400,"height":400},{"@type":"WebPage","@id":"http:\/\/masszazsbirodalom.eu\/?product=stria-krem-100ml#webpage","url":"http:\/\/masszazsbirodalom.eu\/?product=stria-krem-100ml","name":"Stria Kr\u00e9m 100ml - Emspoma webshop","isPartOf":{"@id":"http:\/\/masszazsbirodalom.eu\/#website"},"primaryImageOfPage":{"@id":"http:\/\/masszazsbirodalom.eu\/?product=stria-krem-100ml#primaryimage"},"datePublished":"2020-07-14T19:27:56+00:00","dateModified":"2026-01-13T16:09:46+00:00","breadcrumb":{"@id":"http:\/\/masszazsbirodalom.eu\/?product=stria-krem-100ml#breadcrumb"},"inLanguage":"hu","potentialAction":[{"@type":"ReadAction","target":["http:\/\/masszazsbirodalom.eu\/?product=stria-krem-100ml"]}]},{"@type":"BreadcrumbList","@id":"http:\/\/masszazsbirodalom.eu\/?product=stria-krem-100ml#breadcrumb","itemListElement":[{"@type":"ListItem","position":1,"name":"Home","item":"http:\/\/masszazsbirodalom.eu\/"},{"@type":"ListItem","position":2,"name":"\u00dczlet","item":"http:\/\/masszazsbirodalom.eu\/?page_id=4"},{"@type":"ListItem","position":3,"name":"Stria Kr\u00e9m 100ml"}]}]}},"_links":{"self":[{"href":"http:\/\/masszazsbirodalom.eu\/index.php?rest_route=\/wp\/v2\/product\/2523"}],"collection":[{"href":"http:\/\/masszazsbirodalom.eu\/index.php?rest_route=\/wp\/v2\/product"}],"about":[{"href":"http:\/\/masszazsbirodalom.eu\/index.php?rest_route=\/wp\/v2\/types\/product"}],"wp:featuredmedia":[{"embeddable":true,"href":"http:\/\/masszazsbirodalom.eu\/index.php?rest_route=\/wp\/v2\/media\/2729"}],"wp:attachment":[{"href":"http:\/\/masszazsbirodalom.eu\/index.php?rest_route=%2Fwp%2Fv2%2Fmedia&parent=2523"}],"wp:term":[{"taxonomy":"product_cat","embeddable":true,"href":"http:\/\/masszazsbirodalom.eu\/index.php?rest_route=%2Fwp%2Fv2%2Fproduct_cat&post=2523"},{"taxonomy":"product_tag","embeddable":true,"href":"http:\/\/masszazsbirodalom.eu\/index.php?rest_route=%2Fwp%2Fv2%2Fproduct_tag&post=2523"}],"curies":[{"name":"wp","href":"https:\/\/api.w.org\/{rel}","templated":true}]}}