{"id":2525,"date":"2020-07-14T19:38:31","date_gmt":"2020-07-14T19:38:31","guid":{"rendered":"https:\/\/masszazsbirodalom.eu\/?post_type=product&#038;p=2525"},"modified":"2026-01-13T16:08:41","modified_gmt":"2026-01-13T16:08:41","slug":"reuma-emulgel-100ml","status":"publish","type":"product","link":"http:\/\/masszazsbirodalom.eu\/?product=reuma-emulgel-100ml","title":{"rendered":"Reuma Emulg\u00e9l 100ml"},"content":{"rendered":"<p>Az emulg\u00e9lt reumatikus jelleg\u0171 f\u00e1jdalom eset\u00e9n javasolt bemassz\u00edrozni. Meghat\u00e1roz\u00f3 akt\u00edv anyagai a Bor\u00f3ka olaj, a Boswellin-kivonat \u00e9sa BioPerine.<br \/>\nA reuma fiatalok \u00e9s id\u0151sek mozg\u00e1sszervi probl\u00e9m\u00e1ja, amely legt\u00f6bbsz\u00f6r h\u00e1t, nyak, der\u00e9k \u00e9s v\u00e9gtagf\u00e1jdalom form\u00e1j\u00e1ban jelentkezik.<br \/>\nA panaszok gyakran visszavezethet\u0151ek t\u00falzott ig\u00e9nybev\u00e9telre, rossz testtart\u00e1sra, gyullad\u00e1sra, mely f\u00e1jdalomhoz, besz\u0171k\u00fclt, korl\u00e1tozott mozg\u00e1startom\u00e1nyhoz vezet.<\/p>\n<p>Tart\u00f3s\u00edt\u00f3szert, mesters\u00e9ges illat- \u00e9s sz\u00ednez\u0151anyagot nem tartalmaz.<br \/>\nGy\u00f3gyszer\u00e9szek \u00e1ltal fejlesztett.<\/p>\n<p>Akt\u00edv anyagai: Bor\u00f3ka, Boswellia, Bio Perine<\/p>\n<p>100 ml<\/p>\n","protected":false},"excerpt":{"rendered":"<p>Az emulg\u00e9lt reumatikus jelleg\u0171 f\u00e1jdalom eset\u00e9n javasolt bemassz\u00edrozni. Meghat\u00e1roz\u00f3 akt\u00edv anyagai a Bor\u00f3ka olaj, a Boswellin-kivonat \u00e9sa BioPerine. A reuma fiatalok \u00e9s id\u0151sek mozg\u00e1sszervi probl\u00e9m\u00e1ja, amely legt\u00f6bbsz\u00f6r h\u00e1t, nyak, der\u00e9k \u00e9s v\u00e9gtagf\u00e1jdalom form\u00e1j\u00e1ban jelentkezik. A panaszok gyakran visszavezethet\u0151ek t\u00falzott ig\u00e9nybev\u00e9telre, rossz testtart\u00e1sra, gyullad\u00e1sra, mely f\u00e1jdalomhoz, besz\u0171k\u00fclt, korl\u00e1tozott mozg\u00e1startom\u00e1nyhoz vezet. Tart\u00f3s\u00edt\u00f3szert, mesters\u00e9ges illat- \u00e9s sz\u00ednez\u0151anyagot nem [&hellip;]<\/p>\n","protected":false},"featured_media":2730,"template":"","meta":[],"product_cat":[153],"product_tag":[169,152,368],"yoast_head":"<!-- This site is optimized with the Yoast SEO plugin v17.4 - https:\/\/yoast.com\/wordpress\/plugins\/seo\/ -->\n<title>Reuma Emulg\u00e9l 100ml - Emspoma webshop<\/title>\n<meta name=\"robots\" content=\"index, follow, max-snippet:-1, max-image-preview:large, max-video-preview:-1\" \/>\n<link rel=\"canonical\" href=\"http:\/\/masszazsbirodalom.eu\/?product=reuma-emulgel-100ml\" \/>\n<meta property=\"og:locale\" content=\"hu_HU\" \/>\n<meta property=\"og:type\" content=\"article\" \/>\n<meta property=\"og:title\" content=\"Reuma Emulg\u00e9l 100ml - Emspoma webshop\" \/>\n<meta property=\"og:description\" content=\"Az emulg\u00e9lt reumatikus jelleg\u0171 f\u00e1jdalom eset\u00e9n javasolt bemassz\u00edrozni. Meghat\u00e1roz\u00f3 akt\u00edv anyagai a Bor\u00f3ka olaj, a Boswellin-kivonat \u00e9sa BioPerine. A reuma fiatalok \u00e9s id\u0151sek mozg\u00e1sszervi probl\u00e9m\u00e1ja, amely legt\u00f6bbsz\u00f6r h\u00e1t, nyak, der\u00e9k \u00e9s v\u00e9gtagf\u00e1jdalom form\u00e1j\u00e1ban jelentkezik. A panaszok gyakran visszavezethet\u0151ek t\u00falzott ig\u00e9nybev\u00e9telre, rossz testtart\u00e1sra, gyullad\u00e1sra, mely f\u00e1jdalomhoz, besz\u0171k\u00fclt, korl\u00e1tozott mozg\u00e1startom\u00e1nyhoz vezet. Tart\u00f3s\u00edt\u00f3szert, mesters\u00e9ges illat- \u00e9s sz\u00ednez\u0151anyagot nem [&hellip;]\" \/>\n<meta property=\"og:url\" content=\"http:\/\/masszazsbirodalom.eu\/?product=reuma-emulgel-100ml\" \/>\n<meta property=\"og:site_name\" content=\"Emspoma webshop\" \/>\n<meta property=\"article:publisher\" content=\"https:\/\/www.facebook.com\/masszazsbirodalom\/\" \/>\n<meta property=\"article:modified_time\" content=\"2026-01-13T16:08:41+00:00\" \/>\n<meta property=\"og:image\" content=\"http:\/\/masszazsbirodalom.eu\/wp-content\/uploads\/2024\/01\/reuma-emulgel-100ml.jpg\" \/>\n\t<meta property=\"og:image:width\" content=\"400\" \/>\n\t<meta property=\"og:image:height\" content=\"400\" \/>\n<meta name=\"twitter:card\" content=\"summary\" \/>\n<meta name=\"twitter:site\" content=\"@masszazs_bir\" \/>\n<meta name=\"twitter:label1\" content=\"Becs\u00fclt olvas\u00e1si id\u0151\" \/>\n\t<meta name=\"twitter:data1\" content=\"1 perc\" \/>\n<script type=\"application\/ld+json\" class=\"yoast-schema-graph\">{\"@context\":\"https:\/\/schema.org\",\"@graph\":[{\"@type\":\"WebSite\",\"@id\":\"http:\/\/masszazsbirodalom.eu\/#website\",\"url\":\"http:\/\/masszazsbirodalom.eu\/\",\"name\":\"Emspoma webshop\",\"description\":\"\",\"potentialAction\":[{\"@type\":\"SearchAction\",\"target\":{\"@type\":\"EntryPoint\",\"urlTemplate\":\"http:\/\/masszazsbirodalom.eu\/?s={search_term_string}\"},\"query-input\":\"required name=search_term_string\"}],\"inLanguage\":\"hu\"},{\"@type\":\"ImageObject\",\"@id\":\"http:\/\/masszazsbirodalom.eu\/?product=reuma-emulgel-100ml#primaryimage\",\"inLanguage\":\"hu\",\"url\":\"http:\/\/masszazsbirodalom.eu\/wp-content\/uploads\/2024\/01\/reuma-emulgel-100ml.jpg\",\"contentUrl\":\"http:\/\/masszazsbirodalom.eu\/wp-content\/uploads\/2024\/01\/reuma-emulgel-100ml.jpg\",\"width\":400,\"height\":400},{\"@type\":\"WebPage\",\"@id\":\"http:\/\/masszazsbirodalom.eu\/?product=reuma-emulgel-100ml#webpage\",\"url\":\"http:\/\/masszazsbirodalom.eu\/?product=reuma-emulgel-100ml\",\"name\":\"Reuma Emulg\\u00e9l 100ml - Emspoma webshop\",\"isPartOf\":{\"@id\":\"http:\/\/masszazsbirodalom.eu\/#website\"},\"primaryImageOfPage\":{\"@id\":\"http:\/\/masszazsbirodalom.eu\/?product=reuma-emulgel-100ml#primaryimage\"},\"datePublished\":\"2020-07-14T19:38:31+00:00\",\"dateModified\":\"2026-01-13T16:08:41+00:00\",\"breadcrumb\":{\"@id\":\"http:\/\/masszazsbirodalom.eu\/?product=reuma-emulgel-100ml#breadcrumb\"},\"inLanguage\":\"hu\",\"potentialAction\":[{\"@type\":\"ReadAction\",\"target\":[\"http:\/\/masszazsbirodalom.eu\/?product=reuma-emulgel-100ml\"]}]},{\"@type\":\"BreadcrumbList\",\"@id\":\"http:\/\/masszazsbirodalom.eu\/?product=reuma-emulgel-100ml#breadcrumb\",\"itemListElement\":[{\"@type\":\"ListItem\",\"position\":1,\"name\":\"Home\",\"item\":\"http:\/\/masszazsbirodalom.eu\/\"},{\"@type\":\"ListItem\",\"position\":2,\"name\":\"\\u00dczlet\",\"item\":\"http:\/\/masszazsbirodalom.eu\/?page_id=4\"},{\"@type\":\"ListItem\",\"position\":3,\"name\":\"Reuma Emulg\\u00e9l 100ml\"}]}]}<\/script>\n<!-- \/ Yoast SEO plugin. -->","yoast_head_json":{"title":"Reuma Emulg\u00e9l 100ml - Emspoma webshop","robots":{"index":"index","follow":"follow","max-snippet":"max-snippet:-1","max-image-preview":"max-image-preview:large","max-video-preview":"max-video-preview:-1"},"canonical":"http:\/\/masszazsbirodalom.eu\/?product=reuma-emulgel-100ml","og_locale":"hu_HU","og_type":"article","og_title":"Reuma Emulg\u00e9l 100ml - Emspoma webshop","og_description":"Az emulg\u00e9lt reumatikus jelleg\u0171 f\u00e1jdalom eset\u00e9n javasolt bemassz\u00edrozni. Meghat\u00e1roz\u00f3 akt\u00edv anyagai a Bor\u00f3ka olaj, a Boswellin-kivonat \u00e9sa BioPerine. A reuma fiatalok \u00e9s id\u0151sek mozg\u00e1sszervi probl\u00e9m\u00e1ja, amely legt\u00f6bbsz\u00f6r h\u00e1t, nyak, der\u00e9k \u00e9s v\u00e9gtagf\u00e1jdalom form\u00e1j\u00e1ban jelentkezik. A panaszok gyakran visszavezethet\u0151ek t\u00falzott ig\u00e9nybev\u00e9telre, rossz testtart\u00e1sra, gyullad\u00e1sra, mely f\u00e1jdalomhoz, besz\u0171k\u00fclt, korl\u00e1tozott mozg\u00e1startom\u00e1nyhoz vezet. Tart\u00f3s\u00edt\u00f3szert, mesters\u00e9ges illat- \u00e9s sz\u00ednez\u0151anyagot nem [&hellip;]","og_url":"http:\/\/masszazsbirodalom.eu\/?product=reuma-emulgel-100ml","og_site_name":"Emspoma webshop","article_publisher":"https:\/\/www.facebook.com\/masszazsbirodalom\/","article_modified_time":"2026-01-13T16:08:41+00:00","og_image":[{"width":400,"height":400,"url":"http:\/\/masszazsbirodalom.eu\/wp-content\/uploads\/2024\/01\/reuma-emulgel-100ml.jpg","type":"image\/jpeg"}],"twitter_card":"summary","twitter_site":"@masszazs_bir","twitter_misc":{"Becs\u00fclt olvas\u00e1si id\u0151":"1 perc"},"schema":{"@context":"https:\/\/schema.org","@graph":[{"@type":"WebSite","@id":"http:\/\/masszazsbirodalom.eu\/#website","url":"http:\/\/masszazsbirodalom.eu\/","name":"Emspoma webshop","description":"","potentialAction":[{"@type":"SearchAction","target":{"@type":"EntryPoint","urlTemplate":"http:\/\/masszazsbirodalom.eu\/?s={search_term_string}"},"query-input":"required name=search_term_string"}],"inLanguage":"hu"},{"@type":"ImageObject","@id":"http:\/\/masszazsbirodalom.eu\/?product=reuma-emulgel-100ml#primaryimage","inLanguage":"hu","url":"http:\/\/masszazsbirodalom.eu\/wp-content\/uploads\/2024\/01\/reuma-emulgel-100ml.jpg","contentUrl":"http:\/\/masszazsbirodalom.eu\/wp-content\/uploads\/2024\/01\/reuma-emulgel-100ml.jpg","width":400,"height":400},{"@type":"WebPage","@id":"http:\/\/masszazsbirodalom.eu\/?product=reuma-emulgel-100ml#webpage","url":"http:\/\/masszazsbirodalom.eu\/?product=reuma-emulgel-100ml","name":"Reuma Emulg\u00e9l 100ml - Emspoma webshop","isPartOf":{"@id":"http:\/\/masszazsbirodalom.eu\/#website"},"primaryImageOfPage":{"@id":"http:\/\/masszazsbirodalom.eu\/?product=reuma-emulgel-100ml#primaryimage"},"datePublished":"2020-07-14T19:38:31+00:00","dateModified":"2026-01-13T16:08:41+00:00","breadcrumb":{"@id":"http:\/\/masszazsbirodalom.eu\/?product=reuma-emulgel-100ml#breadcrumb"},"inLanguage":"hu","potentialAction":[{"@type":"ReadAction","target":["http:\/\/masszazsbirodalom.eu\/?product=reuma-emulgel-100ml"]}]},{"@type":"BreadcrumbList","@id":"http:\/\/masszazsbirodalom.eu\/?product=reuma-emulgel-100ml#breadcrumb","itemListElement":[{"@type":"ListItem","position":1,"name":"Home","item":"http:\/\/masszazsbirodalom.eu\/"},{"@type":"ListItem","position":2,"name":"\u00dczlet","item":"http:\/\/masszazsbirodalom.eu\/?page_id=4"},{"@type":"ListItem","position":3,"name":"Reuma Emulg\u00e9l 100ml"}]}]}},"_links":{"self":[{"href":"http:\/\/masszazsbirodalom.eu\/index.php?rest_route=\/wp\/v2\/product\/2525"}],"collection":[{"href":"http:\/\/masszazsbirodalom.eu\/index.php?rest_route=\/wp\/v2\/product"}],"about":[{"href":"http:\/\/masszazsbirodalom.eu\/index.php?rest_route=\/wp\/v2\/types\/product"}],"wp:featuredmedia":[{"embeddable":true,"href":"http:\/\/masszazsbirodalom.eu\/index.php?rest_route=\/wp\/v2\/media\/2730"}],"wp:attachment":[{"href":"http:\/\/masszazsbirodalom.eu\/index.php?rest_route=%2Fwp%2Fv2%2Fmedia&parent=2525"}],"wp:term":[{"taxonomy":"product_cat","embeddable":true,"href":"http:\/\/masszazsbirodalom.eu\/index.php?rest_route=%2Fwp%2Fv2%2Fproduct_cat&post=2525"},{"taxonomy":"product_tag","embeddable":true,"href":"http:\/\/masszazsbirodalom.eu\/index.php?rest_route=%2Fwp%2Fv2%2Fproduct_tag&post=2525"}],"curies":[{"name":"wp","href":"https:\/\/api.w.org\/{rel}","templated":true}]}}