{"id":2576,"date":"2021-03-14T20:52:39","date_gmt":"2021-03-14T20:52:39","guid":{"rendered":"https:\/\/masszazsbirodalom.eu\/?post_type=product&#038;p=2576"},"modified":"2025-06-21T17:56:46","modified_gmt":"2025-06-21T17:56:46","slug":"spa-spirit-wellness-zold-kave-fahej-bormegujito-masszazsolaj-1000ml","status":"publish","type":"product","link":"http:\/\/masszazsbirodalom.eu\/?product=spa-spirit-wellness-zold-kave-fahej-bormegujito-masszazsolaj-1000ml","title":{"rendered":"Spa spirit wellness z\u00f6ld k\u00e1v\u00e9, fah\u00e9j b\u0151rmeg\u00faj\u00edt\u00f3 massz\u00e1zsolaj 1000ml"},"content":{"rendered":"","protected":false},"excerpt":{"rendered":"<p>Term\u00e9szetes n\u00f6v\u00e9nyi kivonatokkal karcs\u00fas\u00edt\u00f3-, anyagcsere \u00e9l\u00e9nk\u00edt\u0151-, bormeg\u00faj\u00edt\u00f3 hat\u00e1s\u00fa<\/p>\n<p>A p\u00f6rk\u00f6letlen nyers k\u00e1v\u00e9 kivonata jav\u00edtja a sejtek mikrokering\u00e9s\u00e9t, \u00e9l\u00e9nk\u00edti az anyagcser\u00e9t; koffein \u00e9s E-vitamin tartalma kiemelked\u0151; a fah\u00e9j olajjal egy\u00fctt felgyors\u00edtja a b\u0151r k\u00f6t\u0151sz\u00f6veteiben felgy\u00fclemlett zs\u00edr \u00e9s salakanyagok v\u00e9r\u00e1ramba jut\u00e1s\u00e1t.<br \/>\nRendszeres haszn\u00e1lata \u00fajra\u00e9p\u00edti a f\u00e1radt, stresszes b\u0151rt, s\u0151t, a h\u00edz\u00e1s elleni harcban is eredm\u00e9nyes.<\/p>\n<p>Haszn\u00e1lati javaslat:<\/p>\n<p>massz\u00e1zs mozdulatokkal massz\u00edrozzuk az olajjal a kezelni k\u00edv\u00e1nt testfel\u00fcletet.<\/p>\n","protected":false},"featured_media":2577,"template":"","meta":[],"product_cat":[6,61,92],"product_tag":[],"yoast_head":"<!-- This site is optimized with the Yoast SEO plugin v17.4 - https:\/\/yoast.com\/wordpress\/plugins\/seo\/ -->\n<title>Spa spirit wellness z\u00f6ld k\u00e1v\u00e9, fah\u00e9j b\u0151rmeg\u00faj\u00edt\u00f3 massz\u00e1zsolaj 1000ml - Emspoma webshop<\/title>\n<meta name=\"robots\" content=\"index, follow, max-snippet:-1, max-image-preview:large, max-video-preview:-1\" \/>\n<link rel=\"canonical\" href=\"http:\/\/masszazsbirodalom.eu\/?product=spa-spirit-wellness-zold-kave-fahej-bormegujito-masszazsolaj-1000ml\" \/>\n<meta property=\"og:locale\" content=\"hu_HU\" \/>\n<meta property=\"og:type\" content=\"article\" \/>\n<meta property=\"og:title\" content=\"Spa spirit wellness z\u00f6ld k\u00e1v\u00e9, fah\u00e9j b\u0151rmeg\u00faj\u00edt\u00f3 massz\u00e1zsolaj 1000ml - Emspoma webshop\" \/>\n<meta property=\"og:description\" content=\"Term\u00e9szetes n\u00f6v\u00e9nyi kivonatokkal karcs\u00fas\u00edt\u00f3-, anyagcsere \u00e9l\u00e9nk\u00edt\u0151-, bormeg\u00faj\u00edt\u00f3 hat\u00e1s\u00fa  A p\u00f6rk\u00f6letlen nyers k\u00e1v\u00e9 kivonata jav\u00edtja a sejtek mikrokering\u00e9s\u00e9t, \u00e9l\u00e9nk\u00edti az anyagcser\u00e9t; koffein \u00e9s E-vitamin tartalma kiemelked\u0151; a fah\u00e9j olajjal egy\u00fctt felgyors\u00edtja a b\u0151r k\u00f6t\u0151sz\u00f6veteiben felgy\u00fclemlett zs\u00edr \u00e9s salakanyagok v\u00e9r\u00e1ramba jut\u00e1s\u00e1t. Rendszeres haszn\u00e1lata \u00fajra\u00e9p\u00edti a f\u00e1radt, stresszes b\u0151rt, s\u0151t, a h\u00edz\u00e1s elleni harcban is eredm\u00e9nyes.  Haszn\u00e1lati javaslat:  massz\u00e1zs mozdulatokkal massz\u00edrozzuk az olajjal a kezelni k\u00edv\u00e1nt testfel\u00fcletet.\" \/>\n<meta property=\"og:url\" content=\"http:\/\/masszazsbirodalom.eu\/?product=spa-spirit-wellness-zold-kave-fahej-bormegujito-masszazsolaj-1000ml\" \/>\n<meta property=\"og:site_name\" content=\"Emspoma webshop\" \/>\n<meta property=\"article:publisher\" content=\"https:\/\/www.facebook.com\/masszazsbirodalom\/\" \/>\n<meta property=\"article:modified_time\" content=\"2025-06-21T17:56:46+00:00\" \/>\n<meta property=\"og:image\" content=\"http:\/\/masszazsbirodalom.eu\/wp-content\/uploads\/2021\/03\/Spa-spirit-wellness-z\u00f6ld-k\u00e1v\u00e9-fah\u00e9j-b\u0151rmeg\u00faj\u00edt\u00f3-massz\u00e1zsolaj-1000ml.jpg\" \/>\n\t<meta property=\"og:image:width\" content=\"400\" \/>\n\t<meta property=\"og:image:height\" content=\"400\" \/>\n<meta name=\"twitter:card\" content=\"summary\" \/>\n<meta name=\"twitter:site\" content=\"@masszazs_bir\" \/>\n<script type=\"application\/ld+json\" class=\"yoast-schema-graph\">{\"@context\":\"https:\/\/schema.org\",\"@graph\":[{\"@type\":\"WebSite\",\"@id\":\"http:\/\/masszazsbirodalom.eu\/#website\",\"url\":\"http:\/\/masszazsbirodalom.eu\/\",\"name\":\"Emspoma webshop\",\"description\":\"\",\"potentialAction\":[{\"@type\":\"SearchAction\",\"target\":{\"@type\":\"EntryPoint\",\"urlTemplate\":\"http:\/\/masszazsbirodalom.eu\/?s={search_term_string}\"},\"query-input\":\"required name=search_term_string\"}],\"inLanguage\":\"hu\"},{\"@type\":\"ImageObject\",\"@id\":\"http:\/\/masszazsbirodalom.eu\/?product=spa-spirit-wellness-zold-kave-fahej-bormegujito-masszazsolaj-1000ml#primaryimage\",\"inLanguage\":\"hu\",\"url\":\"http:\/\/masszazsbirodalom.eu\/wp-content\/uploads\/2021\/03\/Spa-spirit-wellness-z\\u00f6ld-k\\u00e1v\\u00e9-fah\\u00e9j-b\\u0151rmeg\\u00faj\\u00edt\\u00f3-massz\\u00e1zsolaj-1000ml.jpg\",\"contentUrl\":\"http:\/\/masszazsbirodalom.eu\/wp-content\/uploads\/2021\/03\/Spa-spirit-wellness-z\\u00f6ld-k\\u00e1v\\u00e9-fah\\u00e9j-b\\u0151rmeg\\u00faj\\u00edt\\u00f3-massz\\u00e1zsolaj-1000ml.jpg\",\"width\":400,\"height\":400,\"caption\":\"Spa spirit wellness z\\u00f6ld k\\u00e1v\\u00e9, fah\\u00e9j b\\u0151rmeg\\u00faj\\u00edt\\u00f3 massz\\u00e1zsolaj 1000ml\"},{\"@type\":\"WebPage\",\"@id\":\"http:\/\/masszazsbirodalom.eu\/?product=spa-spirit-wellness-zold-kave-fahej-bormegujito-masszazsolaj-1000ml#webpage\",\"url\":\"http:\/\/masszazsbirodalom.eu\/?product=spa-spirit-wellness-zold-kave-fahej-bormegujito-masszazsolaj-1000ml\",\"name\":\"Spa spirit wellness z\\u00f6ld k\\u00e1v\\u00e9, fah\\u00e9j b\\u0151rmeg\\u00faj\\u00edt\\u00f3 massz\\u00e1zsolaj 1000ml - Emspoma webshop\",\"isPartOf\":{\"@id\":\"http:\/\/masszazsbirodalom.eu\/#website\"},\"primaryImageOfPage\":{\"@id\":\"http:\/\/masszazsbirodalom.eu\/?product=spa-spirit-wellness-zold-kave-fahej-bormegujito-masszazsolaj-1000ml#primaryimage\"},\"datePublished\":\"2021-03-14T20:52:39+00:00\",\"dateModified\":\"2025-06-21T17:56:46+00:00\",\"breadcrumb\":{\"@id\":\"http:\/\/masszazsbirodalom.eu\/?product=spa-spirit-wellness-zold-kave-fahej-bormegujito-masszazsolaj-1000ml#breadcrumb\"},\"inLanguage\":\"hu\",\"potentialAction\":[{\"@type\":\"ReadAction\",\"target\":[\"http:\/\/masszazsbirodalom.eu\/?product=spa-spirit-wellness-zold-kave-fahej-bormegujito-masszazsolaj-1000ml\"]}]},{\"@type\":\"BreadcrumbList\",\"@id\":\"http:\/\/masszazsbirodalom.eu\/?product=spa-spirit-wellness-zold-kave-fahej-bormegujito-masszazsolaj-1000ml#breadcrumb\",\"itemListElement\":[{\"@type\":\"ListItem\",\"position\":1,\"name\":\"Home\",\"item\":\"http:\/\/masszazsbirodalom.eu\/\"},{\"@type\":\"ListItem\",\"position\":2,\"name\":\"\\u00dczlet\",\"item\":\"http:\/\/masszazsbirodalom.eu\/?page_id=4\"},{\"@type\":\"ListItem\",\"position\":3,\"name\":\"Spa spirit wellness z\\u00f6ld k\\u00e1v\\u00e9, fah\\u00e9j b\\u0151rmeg\\u00faj\\u00edt\\u00f3 massz\\u00e1zsolaj 1000ml\"}]}]}<\/script>\n<!-- \/ Yoast SEO plugin. -->","yoast_head_json":{"title":"Spa spirit wellness z\u00f6ld k\u00e1v\u00e9, fah\u00e9j b\u0151rmeg\u00faj\u00edt\u00f3 massz\u00e1zsolaj 1000ml - Emspoma webshop","robots":{"index":"index","follow":"follow","max-snippet":"max-snippet:-1","max-image-preview":"max-image-preview:large","max-video-preview":"max-video-preview:-1"},"canonical":"http:\/\/masszazsbirodalom.eu\/?product=spa-spirit-wellness-zold-kave-fahej-bormegujito-masszazsolaj-1000ml","og_locale":"hu_HU","og_type":"article","og_title":"Spa spirit wellness z\u00f6ld k\u00e1v\u00e9, fah\u00e9j b\u0151rmeg\u00faj\u00edt\u00f3 massz\u00e1zsolaj 1000ml - Emspoma webshop","og_description":"Term\u00e9szetes n\u00f6v\u00e9nyi kivonatokkal karcs\u00fas\u00edt\u00f3-, anyagcsere \u00e9l\u00e9nk\u00edt\u0151-, bormeg\u00faj\u00edt\u00f3 hat\u00e1s\u00fa  A p\u00f6rk\u00f6letlen nyers k\u00e1v\u00e9 kivonata jav\u00edtja a sejtek mikrokering\u00e9s\u00e9t, \u00e9l\u00e9nk\u00edti az anyagcser\u00e9t; koffein \u00e9s E-vitamin tartalma kiemelked\u0151; a fah\u00e9j olajjal egy\u00fctt felgyors\u00edtja a b\u0151r k\u00f6t\u0151sz\u00f6veteiben felgy\u00fclemlett zs\u00edr \u00e9s salakanyagok v\u00e9r\u00e1ramba jut\u00e1s\u00e1t. Rendszeres haszn\u00e1lata \u00fajra\u00e9p\u00edti a f\u00e1radt, stresszes b\u0151rt, s\u0151t, a h\u00edz\u00e1s elleni harcban is eredm\u00e9nyes.  Haszn\u00e1lati javaslat:  massz\u00e1zs mozdulatokkal massz\u00edrozzuk az olajjal a kezelni k\u00edv\u00e1nt testfel\u00fcletet.","og_url":"http:\/\/masszazsbirodalom.eu\/?product=spa-spirit-wellness-zold-kave-fahej-bormegujito-masszazsolaj-1000ml","og_site_name":"Emspoma webshop","article_publisher":"https:\/\/www.facebook.com\/masszazsbirodalom\/","article_modified_time":"2025-06-21T17:56:46+00:00","og_image":[{"width":400,"height":400,"url":"http:\/\/masszazsbirodalom.eu\/wp-content\/uploads\/2021\/03\/Spa-spirit-wellness-z\u00f6ld-k\u00e1v\u00e9-fah\u00e9j-b\u0151rmeg\u00faj\u00edt\u00f3-massz\u00e1zsolaj-1000ml.jpg","type":"image\/jpeg"}],"twitter_card":"summary","twitter_site":"@masszazs_bir","schema":{"@context":"https:\/\/schema.org","@graph":[{"@type":"WebSite","@id":"http:\/\/masszazsbirodalom.eu\/#website","url":"http:\/\/masszazsbirodalom.eu\/","name":"Emspoma webshop","description":"","potentialAction":[{"@type":"SearchAction","target":{"@type":"EntryPoint","urlTemplate":"http:\/\/masszazsbirodalom.eu\/?s={search_term_string}"},"query-input":"required name=search_term_string"}],"inLanguage":"hu"},{"@type":"ImageObject","@id":"http:\/\/masszazsbirodalom.eu\/?product=spa-spirit-wellness-zold-kave-fahej-bormegujito-masszazsolaj-1000ml#primaryimage","inLanguage":"hu","url":"http:\/\/masszazsbirodalom.eu\/wp-content\/uploads\/2021\/03\/Spa-spirit-wellness-z\u00f6ld-k\u00e1v\u00e9-fah\u00e9j-b\u0151rmeg\u00faj\u00edt\u00f3-massz\u00e1zsolaj-1000ml.jpg","contentUrl":"http:\/\/masszazsbirodalom.eu\/wp-content\/uploads\/2021\/03\/Spa-spirit-wellness-z\u00f6ld-k\u00e1v\u00e9-fah\u00e9j-b\u0151rmeg\u00faj\u00edt\u00f3-massz\u00e1zsolaj-1000ml.jpg","width":400,"height":400,"caption":"Spa spirit wellness z\u00f6ld k\u00e1v\u00e9, fah\u00e9j b\u0151rmeg\u00faj\u00edt\u00f3 massz\u00e1zsolaj 1000ml"},{"@type":"WebPage","@id":"http:\/\/masszazsbirodalom.eu\/?product=spa-spirit-wellness-zold-kave-fahej-bormegujito-masszazsolaj-1000ml#webpage","url":"http:\/\/masszazsbirodalom.eu\/?product=spa-spirit-wellness-zold-kave-fahej-bormegujito-masszazsolaj-1000ml","name":"Spa spirit wellness z\u00f6ld k\u00e1v\u00e9, fah\u00e9j b\u0151rmeg\u00faj\u00edt\u00f3 massz\u00e1zsolaj 1000ml - Emspoma webshop","isPartOf":{"@id":"http:\/\/masszazsbirodalom.eu\/#website"},"primaryImageOfPage":{"@id":"http:\/\/masszazsbirodalom.eu\/?product=spa-spirit-wellness-zold-kave-fahej-bormegujito-masszazsolaj-1000ml#primaryimage"},"datePublished":"2021-03-14T20:52:39+00:00","dateModified":"2025-06-21T17:56:46+00:00","breadcrumb":{"@id":"http:\/\/masszazsbirodalom.eu\/?product=spa-spirit-wellness-zold-kave-fahej-bormegujito-masszazsolaj-1000ml#breadcrumb"},"inLanguage":"hu","potentialAction":[{"@type":"ReadAction","target":["http:\/\/masszazsbirodalom.eu\/?product=spa-spirit-wellness-zold-kave-fahej-bormegujito-masszazsolaj-1000ml"]}]},{"@type":"BreadcrumbList","@id":"http:\/\/masszazsbirodalom.eu\/?product=spa-spirit-wellness-zold-kave-fahej-bormegujito-masszazsolaj-1000ml#breadcrumb","itemListElement":[{"@type":"ListItem","position":1,"name":"Home","item":"http:\/\/masszazsbirodalom.eu\/"},{"@type":"ListItem","position":2,"name":"\u00dczlet","item":"http:\/\/masszazsbirodalom.eu\/?page_id=4"},{"@type":"ListItem","position":3,"name":"Spa spirit wellness z\u00f6ld k\u00e1v\u00e9, fah\u00e9j b\u0151rmeg\u00faj\u00edt\u00f3 massz\u00e1zsolaj 1000ml"}]}]}},"_links":{"self":[{"href":"http:\/\/masszazsbirodalom.eu\/index.php?rest_route=\/wp\/v2\/product\/2576"}],"collection":[{"href":"http:\/\/masszazsbirodalom.eu\/index.php?rest_route=\/wp\/v2\/product"}],"about":[{"href":"http:\/\/masszazsbirodalom.eu\/index.php?rest_route=\/wp\/v2\/types\/product"}],"wp:featuredmedia":[{"embeddable":true,"href":"http:\/\/masszazsbirodalom.eu\/index.php?rest_route=\/wp\/v2\/media\/2577"}],"wp:attachment":[{"href":"http:\/\/masszazsbirodalom.eu\/index.php?rest_route=%2Fwp%2Fv2%2Fmedia&parent=2576"}],"wp:term":[{"taxonomy":"product_cat","embeddable":true,"href":"http:\/\/masszazsbirodalom.eu\/index.php?rest_route=%2Fwp%2Fv2%2Fproduct_cat&post=2576"},{"taxonomy":"product_tag","embeddable":true,"href":"http:\/\/masszazsbirodalom.eu\/index.php?rest_route=%2Fwp%2Fv2%2Fproduct_tag&post=2576"}],"curies":[{"name":"wp","href":"https:\/\/api.w.org\/{rel}","templated":true}]}}