{"id":681,"date":"2016-07-09T17:53:38","date_gmt":"2016-07-09T17:53:38","guid":{"rendered":"http:\/\/jadebeauty.hu\/?post_type=product&#038;p=681"},"modified":"2025-06-21T17:53:06","modified_gmt":"2025-06-21T17:53:06","slug":"lady-stella-oliva-bazis-masszazskrem-1000-ml","status":"publish","type":"product","link":"http:\/\/masszazsbirodalom.eu\/?product=lady-stella-oliva-bazis-masszazskrem-1000-ml","title":{"rendered":"Lady STELLA Oliva Professional B\u00e1zis Massz\u00e1zskr\u00e9m 1000 ml"},"content":{"rendered":"","protected":false},"excerpt":{"rendered":"<p>B\u0151rpuh\u00edt\u00f3 hat\u00e1s\u00fa massz\u00e1zskr\u00e9m, mely gazdag olajos \u00f6sszetev\u0151inek k\u00f6sz\u00f6nhet\u0151en j\u00f3l cs\u00fasz\u00f3 k\u00f6zeget biztos\u00edt, \u00edgy kev\u00e9s mennyis\u00e9ggel is lehet\u0151v\u00e9 v\u00e1lik a massz\u00edroz\u00e1s. B\u0151rbar\u00e1t, nem tartalmaz mesters\u00e9ges sz\u00ednez\u00e9ket \u00e9s illatanyagot. Haszn\u00e1lat\u00e1t javasoljuk k\u00e9zi \u00e9s g\u00e9pi massz\u00e1zshoz. Megfelel\u0151en kiv\u00e1lasztott speci\u00e1lis aktiv\u00e1tor (n\u00f6v\u00e9nyi ill\u00f3olaj) vagy ampulla egy\u00fcttes alkalmaz\u00e1s\u00e1val kiv\u00e1l\u00f3an alkalmas arc, test \u00e9s alakform\u00e1l\u00f3 massz\u00e1zshoz.<\/p>\n","protected":false},"featured_media":2509,"template":"","meta":[],"product_cat":[23,92],"product_tag":[56,91,11,93],"yoast_head":"<!-- This site is optimized with the Yoast SEO plugin v17.4 - https:\/\/yoast.com\/wordpress\/plugins\/seo\/ -->\n<title>Lady STELLA Oliva Professional B\u00e1zis Massz\u00e1zskr\u00e9m 1000 ml - Emspoma webshop<\/title>\n<meta name=\"robots\" content=\"index, follow, max-snippet:-1, max-image-preview:large, max-video-preview:-1\" \/>\n<link rel=\"canonical\" href=\"http:\/\/masszazsbirodalom.eu\/?product=lady-stella-oliva-bazis-masszazskrem-1000-ml\" \/>\n<meta property=\"og:locale\" content=\"hu_HU\" \/>\n<meta property=\"og:type\" content=\"article\" \/>\n<meta property=\"og:title\" content=\"Lady STELLA Oliva Professional B\u00e1zis Massz\u00e1zskr\u00e9m 1000 ml - Emspoma webshop\" \/>\n<meta property=\"og:description\" content=\"B\u0151rpuh\u00edt\u00f3 hat\u00e1s\u00fa massz\u00e1zskr\u00e9m, mely gazdag olajos \u00f6sszetev\u0151inek k\u00f6sz\u00f6nhet\u0151en j\u00f3l cs\u00fasz\u00f3 k\u00f6zeget biztos\u00edt, \u00edgy kev\u00e9s mennyis\u00e9ggel is lehet\u0151v\u00e9 v\u00e1lik a massz\u00edroz\u00e1s. B\u0151rbar\u00e1t, nem tartalmaz mesters\u00e9ges sz\u00ednez\u00e9ket \u00e9s illatanyagot. Haszn\u00e1lat\u00e1t javasoljuk k\u00e9zi \u00e9s g\u00e9pi massz\u00e1zshoz. Megfelel\u0151en kiv\u00e1lasztott speci\u00e1lis aktiv\u00e1tor (n\u00f6v\u00e9nyi ill\u00f3olaj) vagy ampulla egy\u00fcttes alkalmaz\u00e1s\u00e1val kiv\u00e1l\u00f3an alkalmas arc, test \u00e9s alakform\u00e1l\u00f3 massz\u00e1zshoz.\" \/>\n<meta property=\"og:url\" content=\"http:\/\/masszazsbirodalom.eu\/?product=lady-stella-oliva-bazis-masszazskrem-1000-ml\" \/>\n<meta property=\"og:site_name\" content=\"Emspoma webshop\" \/>\n<meta property=\"article:publisher\" content=\"https:\/\/www.facebook.com\/masszazsbirodalom\/\" \/>\n<meta property=\"article:modified_time\" content=\"2025-06-21T17:53:06+00:00\" \/>\n<meta property=\"og:image\" content=\"http:\/\/masszazsbirodalom.eu\/wp-content\/uploads\/2016\/07\/Lady-Stella-Ol\u00edva-B\u00e1zis-massz\u00e1zskr\u00e9m-1000-ml.jpg\" \/>\n\t<meta property=\"og:image:width\" content=\"400\" \/>\n\t<meta property=\"og:image:height\" content=\"400\" \/>\n<meta name=\"twitter:card\" content=\"summary\" \/>\n<meta name=\"twitter:site\" content=\"@masszazs_bir\" \/>\n<script type=\"application\/ld+json\" class=\"yoast-schema-graph\">{\"@context\":\"https:\/\/schema.org\",\"@graph\":[{\"@type\":\"WebSite\",\"@id\":\"http:\/\/masszazsbirodalom.eu\/#website\",\"url\":\"http:\/\/masszazsbirodalom.eu\/\",\"name\":\"Emspoma webshop\",\"description\":\"\",\"potentialAction\":[{\"@type\":\"SearchAction\",\"target\":{\"@type\":\"EntryPoint\",\"urlTemplate\":\"http:\/\/masszazsbirodalom.eu\/?s={search_term_string}\"},\"query-input\":\"required name=search_term_string\"}],\"inLanguage\":\"hu\"},{\"@type\":\"ImageObject\",\"@id\":\"http:\/\/masszazsbirodalom.eu\/?product=lady-stella-oliva-bazis-masszazskrem-1000-ml#primaryimage\",\"inLanguage\":\"hu\",\"url\":\"http:\/\/masszazsbirodalom.eu\/wp-content\/uploads\/2016\/07\/Lady-Stella-Ol\\u00edva-B\\u00e1zis-massz\\u00e1zskr\\u00e9m-1000-ml.jpg\",\"contentUrl\":\"http:\/\/masszazsbirodalom.eu\/wp-content\/uploads\/2016\/07\/Lady-Stella-Ol\\u00edva-B\\u00e1zis-massz\\u00e1zskr\\u00e9m-1000-ml.jpg\",\"width\":400,\"height\":400,\"caption\":\"Lady Stella Ol\\u00edva B\\u00e1zis massz\\u00e1zskr\\u00e9m 1000 ml\"},{\"@type\":\"WebPage\",\"@id\":\"http:\/\/masszazsbirodalom.eu\/?product=lady-stella-oliva-bazis-masszazskrem-1000-ml#webpage\",\"url\":\"http:\/\/masszazsbirodalom.eu\/?product=lady-stella-oliva-bazis-masszazskrem-1000-ml\",\"name\":\"Lady STELLA Oliva Professional B\\u00e1zis Massz\\u00e1zskr\\u00e9m 1000 ml - Emspoma webshop\",\"isPartOf\":{\"@id\":\"http:\/\/masszazsbirodalom.eu\/#website\"},\"primaryImageOfPage\":{\"@id\":\"http:\/\/masszazsbirodalom.eu\/?product=lady-stella-oliva-bazis-masszazskrem-1000-ml#primaryimage\"},\"datePublished\":\"2016-07-09T17:53:38+00:00\",\"dateModified\":\"2025-06-21T17:53:06+00:00\",\"breadcrumb\":{\"@id\":\"http:\/\/masszazsbirodalom.eu\/?product=lady-stella-oliva-bazis-masszazskrem-1000-ml#breadcrumb\"},\"inLanguage\":\"hu\",\"potentialAction\":[{\"@type\":\"ReadAction\",\"target\":[\"http:\/\/masszazsbirodalom.eu\/?product=lady-stella-oliva-bazis-masszazskrem-1000-ml\"]}]},{\"@type\":\"BreadcrumbList\",\"@id\":\"http:\/\/masszazsbirodalom.eu\/?product=lady-stella-oliva-bazis-masszazskrem-1000-ml#breadcrumb\",\"itemListElement\":[{\"@type\":\"ListItem\",\"position\":1,\"name\":\"Home\",\"item\":\"http:\/\/masszazsbirodalom.eu\/\"},{\"@type\":\"ListItem\",\"position\":2,\"name\":\"\\u00dczlet\",\"item\":\"http:\/\/masszazsbirodalom.eu\/?page_id=4\"},{\"@type\":\"ListItem\",\"position\":3,\"name\":\"Lady STELLA Oliva Professional B\\u00e1zis Massz\\u00e1zskr\\u00e9m 1000 ml\"}]}]}<\/script>\n<!-- \/ Yoast SEO plugin. -->","yoast_head_json":{"title":"Lady STELLA Oliva Professional B\u00e1zis Massz\u00e1zskr\u00e9m 1000 ml - Emspoma webshop","robots":{"index":"index","follow":"follow","max-snippet":"max-snippet:-1","max-image-preview":"max-image-preview:large","max-video-preview":"max-video-preview:-1"},"canonical":"http:\/\/masszazsbirodalom.eu\/?product=lady-stella-oliva-bazis-masszazskrem-1000-ml","og_locale":"hu_HU","og_type":"article","og_title":"Lady STELLA Oliva Professional B\u00e1zis Massz\u00e1zskr\u00e9m 1000 ml - Emspoma webshop","og_description":"B\u0151rpuh\u00edt\u00f3 hat\u00e1s\u00fa massz\u00e1zskr\u00e9m, mely gazdag olajos \u00f6sszetev\u0151inek k\u00f6sz\u00f6nhet\u0151en j\u00f3l cs\u00fasz\u00f3 k\u00f6zeget biztos\u00edt, \u00edgy kev\u00e9s mennyis\u00e9ggel is lehet\u0151v\u00e9 v\u00e1lik a massz\u00edroz\u00e1s. B\u0151rbar\u00e1t, nem tartalmaz mesters\u00e9ges sz\u00ednez\u00e9ket \u00e9s illatanyagot. Haszn\u00e1lat\u00e1t javasoljuk k\u00e9zi \u00e9s g\u00e9pi massz\u00e1zshoz. Megfelel\u0151en kiv\u00e1lasztott speci\u00e1lis aktiv\u00e1tor (n\u00f6v\u00e9nyi ill\u00f3olaj) vagy ampulla egy\u00fcttes alkalmaz\u00e1s\u00e1val kiv\u00e1l\u00f3an alkalmas arc, test \u00e9s alakform\u00e1l\u00f3 massz\u00e1zshoz.","og_url":"http:\/\/masszazsbirodalom.eu\/?product=lady-stella-oliva-bazis-masszazskrem-1000-ml","og_site_name":"Emspoma webshop","article_publisher":"https:\/\/www.facebook.com\/masszazsbirodalom\/","article_modified_time":"2025-06-21T17:53:06+00:00","og_image":[{"width":400,"height":400,"url":"http:\/\/masszazsbirodalom.eu\/wp-content\/uploads\/2016\/07\/Lady-Stella-Ol\u00edva-B\u00e1zis-massz\u00e1zskr\u00e9m-1000-ml.jpg","type":"image\/jpeg"}],"twitter_card":"summary","twitter_site":"@masszazs_bir","schema":{"@context":"https:\/\/schema.org","@graph":[{"@type":"WebSite","@id":"http:\/\/masszazsbirodalom.eu\/#website","url":"http:\/\/masszazsbirodalom.eu\/","name":"Emspoma webshop","description":"","potentialAction":[{"@type":"SearchAction","target":{"@type":"EntryPoint","urlTemplate":"http:\/\/masszazsbirodalom.eu\/?s={search_term_string}"},"query-input":"required name=search_term_string"}],"inLanguage":"hu"},{"@type":"ImageObject","@id":"http:\/\/masszazsbirodalom.eu\/?product=lady-stella-oliva-bazis-masszazskrem-1000-ml#primaryimage","inLanguage":"hu","url":"http:\/\/masszazsbirodalom.eu\/wp-content\/uploads\/2016\/07\/Lady-Stella-Ol\u00edva-B\u00e1zis-massz\u00e1zskr\u00e9m-1000-ml.jpg","contentUrl":"http:\/\/masszazsbirodalom.eu\/wp-content\/uploads\/2016\/07\/Lady-Stella-Ol\u00edva-B\u00e1zis-massz\u00e1zskr\u00e9m-1000-ml.jpg","width":400,"height":400,"caption":"Lady Stella Ol\u00edva B\u00e1zis massz\u00e1zskr\u00e9m 1000 ml"},{"@type":"WebPage","@id":"http:\/\/masszazsbirodalom.eu\/?product=lady-stella-oliva-bazis-masszazskrem-1000-ml#webpage","url":"http:\/\/masszazsbirodalom.eu\/?product=lady-stella-oliva-bazis-masszazskrem-1000-ml","name":"Lady STELLA Oliva Professional B\u00e1zis Massz\u00e1zskr\u00e9m 1000 ml - Emspoma webshop","isPartOf":{"@id":"http:\/\/masszazsbirodalom.eu\/#website"},"primaryImageOfPage":{"@id":"http:\/\/masszazsbirodalom.eu\/?product=lady-stella-oliva-bazis-masszazskrem-1000-ml#primaryimage"},"datePublished":"2016-07-09T17:53:38+00:00","dateModified":"2025-06-21T17:53:06+00:00","breadcrumb":{"@id":"http:\/\/masszazsbirodalom.eu\/?product=lady-stella-oliva-bazis-masszazskrem-1000-ml#breadcrumb"},"inLanguage":"hu","potentialAction":[{"@type":"ReadAction","target":["http:\/\/masszazsbirodalom.eu\/?product=lady-stella-oliva-bazis-masszazskrem-1000-ml"]}]},{"@type":"BreadcrumbList","@id":"http:\/\/masszazsbirodalom.eu\/?product=lady-stella-oliva-bazis-masszazskrem-1000-ml#breadcrumb","itemListElement":[{"@type":"ListItem","position":1,"name":"Home","item":"http:\/\/masszazsbirodalom.eu\/"},{"@type":"ListItem","position":2,"name":"\u00dczlet","item":"http:\/\/masszazsbirodalom.eu\/?page_id=4"},{"@type":"ListItem","position":3,"name":"Lady STELLA Oliva Professional B\u00e1zis Massz\u00e1zskr\u00e9m 1000 ml"}]}]}},"_links":{"self":[{"href":"http:\/\/masszazsbirodalom.eu\/index.php?rest_route=\/wp\/v2\/product\/681"}],"collection":[{"href":"http:\/\/masszazsbirodalom.eu\/index.php?rest_route=\/wp\/v2\/product"}],"about":[{"href":"http:\/\/masszazsbirodalom.eu\/index.php?rest_route=\/wp\/v2\/types\/product"}],"wp:featuredmedia":[{"embeddable":true,"href":"http:\/\/masszazsbirodalom.eu\/index.php?rest_route=\/wp\/v2\/media\/2509"}],"wp:attachment":[{"href":"http:\/\/masszazsbirodalom.eu\/index.php?rest_route=%2Fwp%2Fv2%2Fmedia&parent=681"}],"wp:term":[{"taxonomy":"product_cat","embeddable":true,"href":"http:\/\/masszazsbirodalom.eu\/index.php?rest_route=%2Fwp%2Fv2%2Fproduct_cat&post=681"},{"taxonomy":"product_tag","embeddable":true,"href":"http:\/\/masszazsbirodalom.eu\/index.php?rest_route=%2Fwp%2Fv2%2Fproduct_tag&post=681"}],"curies":[{"name":"wp","href":"https:\/\/api.w.org\/{rel}","templated":true}]}}