{"id":844,"date":"2016-07-13T18:56:52","date_gmt":"2016-07-13T18:56:52","guid":{"rendered":"http:\/\/jadebeauty.hu\/?post_type=product&#038;p=844"},"modified":"2026-01-13T16:04:39","modified_gmt":"2026-01-13T16:04:39","slug":"szolomag-kivonatos-masszazstej-vitalizalo-500-ml","status":"publish","type":"product","link":"http:\/\/masszazsbirodalom.eu\/?product=szolomag-kivonatos-masszazstej-vitalizalo-500-ml","title":{"rendered":"Dr.Kelen Vitaliz\u00e1l\u00f3 massz\u00e1zstej &#8211; sz\u0151l\u0151magos 500 ml"},"content":{"rendered":"","protected":false},"excerpt":{"rendered":"<p>Herbal-System koncepci\u00f3 alapj\u00e1n kifejlesztett vitaliz\u00e1l\u00f3 massz\u00e1zstej k\u00e9k sz\u0151l\u0151mag kivonata tartalmazza mindm\u00e1ig az egyik leghat\u00e1sosabb antioxid\u00e1nst (OPC-oligomeric proanthocyanid) a szabadgy\u00f6k\u00f6k ellen. A multiakt\u00edv E-vitaminnal egy\u00fctt fokozottan v\u00e9di a sejteket az id\u0151 el\u0151tti \u00f6reged\u00e9st\u0151l. Koffein, allantoin, centella-kivonat \u00e9s B3-vitamin tartalma seg\u00edti a b\u0151r optim\u00e1lis anyagcser\u00e9j\u00e9t a helyi mikrokering\u00e9s fokoz\u00e1s\u00e1val \u00e9s a salakanyagok gyorsabb elt\u00e1vol\u00edt\u00e1s\u00e1val, t\u00e1mogatva a sejtszint\u0171 meg\u00fajul\u00e1s folyamat\u00e1t. Massz\u00e1zst k\u00f6vet\u0151en a b\u0151r feszesebb, rugalmasabb, &#8220;\u00e9lettel teli&#8221; lesz.<\/p>\n","protected":false},"featured_media":2710,"template":"","meta":[],"product_cat":[23,184],"product_tag":[169,11,53],"yoast_head":"<!-- This site is optimized with the Yoast SEO plugin v17.4 - https:\/\/yoast.com\/wordpress\/plugins\/seo\/ -->\n<title>Dr.Kelen Vitaliz\u00e1l\u00f3 massz\u00e1zstej - sz\u0151l\u0151magos 500 ml - Emspoma webshop<\/title>\n<meta name=\"robots\" content=\"index, follow, max-snippet:-1, max-image-preview:large, max-video-preview:-1\" \/>\n<link rel=\"canonical\" href=\"http:\/\/masszazsbirodalom.eu\/?product=szolomag-kivonatos-masszazstej-vitalizalo-500-ml\" \/>\n<meta property=\"og:locale\" content=\"hu_HU\" \/>\n<meta property=\"og:type\" content=\"article\" \/>\n<meta property=\"og:title\" content=\"Dr.Kelen Vitaliz\u00e1l\u00f3 massz\u00e1zstej - sz\u0151l\u0151magos 500 ml - Emspoma webshop\" \/>\n<meta property=\"og:description\" content=\"Herbal-System koncepci\u00f3 alapj\u00e1n kifejlesztett vitaliz\u00e1l\u00f3 massz\u00e1zstej k\u00e9k sz\u0151l\u0151mag kivonata tartalmazza mindm\u00e1ig az egyik leghat\u00e1sosabb antioxid\u00e1nst (OPC-oligomeric proanthocyanid) a szabadgy\u00f6k\u00f6k ellen. A multiakt\u00edv E-vitaminnal egy\u00fctt fokozottan v\u00e9di a sejteket az id\u0151 el\u0151tti \u00f6reged\u00e9st\u0151l. Koffein, allantoin, centella-kivonat \u00e9s B3-vitamin tartalma seg\u00edti a b\u0151r optim\u00e1lis anyagcser\u00e9j\u00e9t a helyi mikrokering\u00e9s fokoz\u00e1s\u00e1val \u00e9s a salakanyagok gyorsabb elt\u00e1vol\u00edt\u00e1s\u00e1val, t\u00e1mogatva a sejtszint\u0171 meg\u00fajul\u00e1s folyamat\u00e1t. Massz\u00e1zst k\u00f6vet\u0151en a b\u0151r feszesebb, rugalmasabb, &quot;\u00e9lettel teli&quot; lesz.\" \/>\n<meta property=\"og:url\" content=\"http:\/\/masszazsbirodalom.eu\/?product=szolomag-kivonatos-masszazstej-vitalizalo-500-ml\" \/>\n<meta property=\"og:site_name\" content=\"Emspoma webshop\" \/>\n<meta property=\"article:publisher\" content=\"https:\/\/www.facebook.com\/masszazsbirodalom\/\" \/>\n<meta property=\"article:modified_time\" content=\"2026-01-13T16:04:39+00:00\" \/>\n<meta property=\"og:image\" content=\"http:\/\/masszazsbirodalom.eu\/wp-content\/uploads\/2024\/01\/Dr.Kelen-Szolomag-kivonatos-masszazstej-vitalizalo-500-ml.jpg\" \/>\n\t<meta property=\"og:image:width\" content=\"400\" \/>\n\t<meta property=\"og:image:height\" content=\"400\" \/>\n<meta name=\"twitter:card\" content=\"summary\" \/>\n<meta name=\"twitter:site\" content=\"@masszazs_bir\" \/>\n<script type=\"application\/ld+json\" class=\"yoast-schema-graph\">{\"@context\":\"https:\/\/schema.org\",\"@graph\":[{\"@type\":\"WebSite\",\"@id\":\"http:\/\/masszazsbirodalom.eu\/#website\",\"url\":\"http:\/\/masszazsbirodalom.eu\/\",\"name\":\"Emspoma webshop\",\"description\":\"\",\"potentialAction\":[{\"@type\":\"SearchAction\",\"target\":{\"@type\":\"EntryPoint\",\"urlTemplate\":\"http:\/\/masszazsbirodalom.eu\/?s={search_term_string}\"},\"query-input\":\"required name=search_term_string\"}],\"inLanguage\":\"hu\"},{\"@type\":\"ImageObject\",\"@id\":\"http:\/\/masszazsbirodalom.eu\/?product=szolomag-kivonatos-masszazstej-vitalizalo-500-ml#primaryimage\",\"inLanguage\":\"hu\",\"url\":\"http:\/\/masszazsbirodalom.eu\/wp-content\/uploads\/2024\/01\/Dr.Kelen-Szolomag-kivonatos-masszazstej-vitalizalo-500-ml.jpg\",\"contentUrl\":\"http:\/\/masszazsbirodalom.eu\/wp-content\/uploads\/2024\/01\/Dr.Kelen-Szolomag-kivonatos-masszazstej-vitalizalo-500-ml.jpg\",\"width\":400,\"height\":400},{\"@type\":\"WebPage\",\"@id\":\"http:\/\/masszazsbirodalom.eu\/?product=szolomag-kivonatos-masszazstej-vitalizalo-500-ml#webpage\",\"url\":\"http:\/\/masszazsbirodalom.eu\/?product=szolomag-kivonatos-masszazstej-vitalizalo-500-ml\",\"name\":\"Dr.Kelen Vitaliz\\u00e1l\\u00f3 massz\\u00e1zstej - sz\\u0151l\\u0151magos 500 ml - Emspoma webshop\",\"isPartOf\":{\"@id\":\"http:\/\/masszazsbirodalom.eu\/#website\"},\"primaryImageOfPage\":{\"@id\":\"http:\/\/masszazsbirodalom.eu\/?product=szolomag-kivonatos-masszazstej-vitalizalo-500-ml#primaryimage\"},\"datePublished\":\"2016-07-13T18:56:52+00:00\",\"dateModified\":\"2026-01-13T16:04:39+00:00\",\"breadcrumb\":{\"@id\":\"http:\/\/masszazsbirodalom.eu\/?product=szolomag-kivonatos-masszazstej-vitalizalo-500-ml#breadcrumb\"},\"inLanguage\":\"hu\",\"potentialAction\":[{\"@type\":\"ReadAction\",\"target\":[\"http:\/\/masszazsbirodalom.eu\/?product=szolomag-kivonatos-masszazstej-vitalizalo-500-ml\"]}]},{\"@type\":\"BreadcrumbList\",\"@id\":\"http:\/\/masszazsbirodalom.eu\/?product=szolomag-kivonatos-masszazstej-vitalizalo-500-ml#breadcrumb\",\"itemListElement\":[{\"@type\":\"ListItem\",\"position\":1,\"name\":\"Home\",\"item\":\"http:\/\/masszazsbirodalom.eu\/\"},{\"@type\":\"ListItem\",\"position\":2,\"name\":\"\\u00dczlet\",\"item\":\"http:\/\/masszazsbirodalom.eu\/?page_id=4\"},{\"@type\":\"ListItem\",\"position\":3,\"name\":\"Dr.Kelen Vitaliz\\u00e1l\\u00f3 massz\\u00e1zstej &#8211; sz\\u0151l\\u0151magos 500 ml\"}]}]}<\/script>\n<!-- \/ Yoast SEO plugin. -->","yoast_head_json":{"title":"Dr.Kelen Vitaliz\u00e1l\u00f3 massz\u00e1zstej - sz\u0151l\u0151magos 500 ml - Emspoma webshop","robots":{"index":"index","follow":"follow","max-snippet":"max-snippet:-1","max-image-preview":"max-image-preview:large","max-video-preview":"max-video-preview:-1"},"canonical":"http:\/\/masszazsbirodalom.eu\/?product=szolomag-kivonatos-masszazstej-vitalizalo-500-ml","og_locale":"hu_HU","og_type":"article","og_title":"Dr.Kelen Vitaliz\u00e1l\u00f3 massz\u00e1zstej - sz\u0151l\u0151magos 500 ml - Emspoma webshop","og_description":"Herbal-System koncepci\u00f3 alapj\u00e1n kifejlesztett vitaliz\u00e1l\u00f3 massz\u00e1zstej k\u00e9k sz\u0151l\u0151mag kivonata tartalmazza mindm\u00e1ig az egyik leghat\u00e1sosabb antioxid\u00e1nst (OPC-oligomeric proanthocyanid) a szabadgy\u00f6k\u00f6k ellen. A multiakt\u00edv E-vitaminnal egy\u00fctt fokozottan v\u00e9di a sejteket az id\u0151 el\u0151tti \u00f6reged\u00e9st\u0151l. Koffein, allantoin, centella-kivonat \u00e9s B3-vitamin tartalma seg\u00edti a b\u0151r optim\u00e1lis anyagcser\u00e9j\u00e9t a helyi mikrokering\u00e9s fokoz\u00e1s\u00e1val \u00e9s a salakanyagok gyorsabb elt\u00e1vol\u00edt\u00e1s\u00e1val, t\u00e1mogatva a sejtszint\u0171 meg\u00fajul\u00e1s folyamat\u00e1t. Massz\u00e1zst k\u00f6vet\u0151en a b\u0151r feszesebb, rugalmasabb, \"\u00e9lettel teli\" lesz.","og_url":"http:\/\/masszazsbirodalom.eu\/?product=szolomag-kivonatos-masszazstej-vitalizalo-500-ml","og_site_name":"Emspoma webshop","article_publisher":"https:\/\/www.facebook.com\/masszazsbirodalom\/","article_modified_time":"2026-01-13T16:04:39+00:00","og_image":[{"width":400,"height":400,"url":"http:\/\/masszazsbirodalom.eu\/wp-content\/uploads\/2024\/01\/Dr.Kelen-Szolomag-kivonatos-masszazstej-vitalizalo-500-ml.jpg","type":"image\/jpeg"}],"twitter_card":"summary","twitter_site":"@masszazs_bir","schema":{"@context":"https:\/\/schema.org","@graph":[{"@type":"WebSite","@id":"http:\/\/masszazsbirodalom.eu\/#website","url":"http:\/\/masszazsbirodalom.eu\/","name":"Emspoma webshop","description":"","potentialAction":[{"@type":"SearchAction","target":{"@type":"EntryPoint","urlTemplate":"http:\/\/masszazsbirodalom.eu\/?s={search_term_string}"},"query-input":"required name=search_term_string"}],"inLanguage":"hu"},{"@type":"ImageObject","@id":"http:\/\/masszazsbirodalom.eu\/?product=szolomag-kivonatos-masszazstej-vitalizalo-500-ml#primaryimage","inLanguage":"hu","url":"http:\/\/masszazsbirodalom.eu\/wp-content\/uploads\/2024\/01\/Dr.Kelen-Szolomag-kivonatos-masszazstej-vitalizalo-500-ml.jpg","contentUrl":"http:\/\/masszazsbirodalom.eu\/wp-content\/uploads\/2024\/01\/Dr.Kelen-Szolomag-kivonatos-masszazstej-vitalizalo-500-ml.jpg","width":400,"height":400},{"@type":"WebPage","@id":"http:\/\/masszazsbirodalom.eu\/?product=szolomag-kivonatos-masszazstej-vitalizalo-500-ml#webpage","url":"http:\/\/masszazsbirodalom.eu\/?product=szolomag-kivonatos-masszazstej-vitalizalo-500-ml","name":"Dr.Kelen Vitaliz\u00e1l\u00f3 massz\u00e1zstej - sz\u0151l\u0151magos 500 ml - Emspoma webshop","isPartOf":{"@id":"http:\/\/masszazsbirodalom.eu\/#website"},"primaryImageOfPage":{"@id":"http:\/\/masszazsbirodalom.eu\/?product=szolomag-kivonatos-masszazstej-vitalizalo-500-ml#primaryimage"},"datePublished":"2016-07-13T18:56:52+00:00","dateModified":"2026-01-13T16:04:39+00:00","breadcrumb":{"@id":"http:\/\/masszazsbirodalom.eu\/?product=szolomag-kivonatos-masszazstej-vitalizalo-500-ml#breadcrumb"},"inLanguage":"hu","potentialAction":[{"@type":"ReadAction","target":["http:\/\/masszazsbirodalom.eu\/?product=szolomag-kivonatos-masszazstej-vitalizalo-500-ml"]}]},{"@type":"BreadcrumbList","@id":"http:\/\/masszazsbirodalom.eu\/?product=szolomag-kivonatos-masszazstej-vitalizalo-500-ml#breadcrumb","itemListElement":[{"@type":"ListItem","position":1,"name":"Home","item":"http:\/\/masszazsbirodalom.eu\/"},{"@type":"ListItem","position":2,"name":"\u00dczlet","item":"http:\/\/masszazsbirodalom.eu\/?page_id=4"},{"@type":"ListItem","position":3,"name":"Dr.Kelen Vitaliz\u00e1l\u00f3 massz\u00e1zstej &#8211; sz\u0151l\u0151magos 500 ml"}]}]}},"_links":{"self":[{"href":"http:\/\/masszazsbirodalom.eu\/index.php?rest_route=\/wp\/v2\/product\/844"}],"collection":[{"href":"http:\/\/masszazsbirodalom.eu\/index.php?rest_route=\/wp\/v2\/product"}],"about":[{"href":"http:\/\/masszazsbirodalom.eu\/index.php?rest_route=\/wp\/v2\/types\/product"}],"wp:featuredmedia":[{"embeddable":true,"href":"http:\/\/masszazsbirodalom.eu\/index.php?rest_route=\/wp\/v2\/media\/2710"}],"wp:attachment":[{"href":"http:\/\/masszazsbirodalom.eu\/index.php?rest_route=%2Fwp%2Fv2%2Fmedia&parent=844"}],"wp:term":[{"taxonomy":"product_cat","embeddable":true,"href":"http:\/\/masszazsbirodalom.eu\/index.php?rest_route=%2Fwp%2Fv2%2Fproduct_cat&post=844"},{"taxonomy":"product_tag","embeddable":true,"href":"http:\/\/masszazsbirodalom.eu\/index.php?rest_route=%2Fwp%2Fv2%2Fproduct_tag&post=844"}],"curies":[{"name":"wp","href":"https:\/\/api.w.org\/{rel}","templated":true}]}}