{"id":979,"date":"2016-07-18T09:26:22","date_gmt":"2016-07-18T09:26:22","guid":{"rendered":"http:\/\/jadebeauty.hu\/?post_type=product&#038;p=979"},"modified":"2022-08-08T20:12:15","modified_gmt":"2022-08-08T20:12:15","slug":"office-reh-vedotaska-masszazsszekhez","status":"publish","type":"product","link":"http:\/\/masszazsbirodalom.eu\/?product=office-reh-vedotaska-masszazsszekhez","title":{"rendered":"Office-reh v\u00e9d\u0151t\u00e1ska ( massz\u00e1zssz\u00e9khez )"},"content":{"rendered":"","protected":false},"excerpt":{"rendered":"<p>A v\u00e9d\u0151t\u00e1ska er\u0151s, mechanikai s\u00e9r\u00fcl\u00e9seknek ellen\u00e1ll\u00f3 \u00e9s\u00a0v\u00edz\u00e1ll\u00f3 anyagb\u00f3l k\u00e9sz\u00fclt.<\/p>\n<p>V\u00e1llp\u00e1ntj\u00e1nak k\u00f6sz\u00f6nhet\u0151en megk\u00f6nny\u00edti a sz\u00e9k hordoz\u00e1s\u00e1t,\u00a0megv\u00e9di a sz\u00e9ket a\u00a0sz\u00e1ll\u00edt\u00e1s k\u00f6zbeni\u00a0esetleges s\u00e9r\u00fcl\u00e9sekt\u0151l.<\/p>\n","protected":false},"featured_media":1483,"template":"","meta":[],"product_cat":[241],"product_tag":[130,131,246,247],"yoast_head":"<!-- This site is optimized with the Yoast SEO plugin v17.4 - https:\/\/yoast.com\/wordpress\/plugins\/seo\/ -->\n<title>Office-reh v\u00e9d\u0151t\u00e1ska ( massz\u00e1zssz\u00e9khez ) - Emspoma webshop<\/title>\n<meta name=\"robots\" content=\"index, follow, max-snippet:-1, max-image-preview:large, max-video-preview:-1\" \/>\n<link rel=\"canonical\" href=\"http:\/\/masszazsbirodalom.eu\/?product=office-reh-vedotaska-masszazsszekhez\" \/>\n<meta property=\"og:locale\" content=\"hu_HU\" \/>\n<meta property=\"og:type\" content=\"article\" \/>\n<meta property=\"og:title\" content=\"Office-reh v\u00e9d\u0151t\u00e1ska ( massz\u00e1zssz\u00e9khez ) - Emspoma webshop\" \/>\n<meta property=\"og:description\" content=\"A v\u00e9d\u0151t\u00e1ska er\u0151s, mechanikai s\u00e9r\u00fcl\u00e9seknek ellen\u00e1ll\u00f3 \u00e9s\u00a0v\u00edz\u00e1ll\u00f3 anyagb\u00f3l k\u00e9sz\u00fclt. V\u00e1llp\u00e1ntj\u00e1nak k\u00f6sz\u00f6nhet\u0151en megk\u00f6nny\u00edti a sz\u00e9k hordoz\u00e1s\u00e1t,\u00a0megv\u00e9di a sz\u00e9ket a\u00a0sz\u00e1ll\u00edt\u00e1s k\u00f6zbeni\u00a0esetleges s\u00e9r\u00fcl\u00e9sekt\u0151l.\" \/>\n<meta property=\"og:url\" content=\"http:\/\/masszazsbirodalom.eu\/?product=office-reh-vedotaska-masszazsszekhez\" \/>\n<meta property=\"og:site_name\" content=\"Emspoma webshop\" \/>\n<meta property=\"article:publisher\" content=\"https:\/\/www.facebook.com\/masszazsbirodalom\/\" \/>\n<meta property=\"article:modified_time\" content=\"2022-08-08T20:12:15+00:00\" \/>\n<meta property=\"og:image\" content=\"http:\/\/masszazsbirodalom.eu\/wp-content\/uploads\/2016\/09\/office-reh-vedotaska-1.jpg\" \/>\n\t<meta property=\"og:image:width\" content=\"300\" \/>\n\t<meta property=\"og:image:height\" content=\"300\" \/>\n<meta name=\"twitter:card\" content=\"summary\" \/>\n<meta name=\"twitter:site\" content=\"@masszazs_bir\" \/>\n<script type=\"application\/ld+json\" class=\"yoast-schema-graph\">{\"@context\":\"https:\/\/schema.org\",\"@graph\":[{\"@type\":\"WebSite\",\"@id\":\"http:\/\/masszazsbirodalom.eu\/#website\",\"url\":\"http:\/\/masszazsbirodalom.eu\/\",\"name\":\"Emspoma webshop\",\"description\":\"\",\"potentialAction\":[{\"@type\":\"SearchAction\",\"target\":{\"@type\":\"EntryPoint\",\"urlTemplate\":\"http:\/\/masszazsbirodalom.eu\/?s={search_term_string}\"},\"query-input\":\"required name=search_term_string\"}],\"inLanguage\":\"hu\"},{\"@type\":\"ImageObject\",\"@id\":\"http:\/\/masszazsbirodalom.eu\/?product=office-reh-vedotaska-masszazsszekhez#primaryimage\",\"inLanguage\":\"hu\",\"url\":\"http:\/\/masszazsbirodalom.eu\/wp-content\/uploads\/2016\/09\/office-reh-vedotaska-1.jpg\",\"contentUrl\":\"http:\/\/masszazsbirodalom.eu\/wp-content\/uploads\/2016\/09\/office-reh-vedotaska-1.jpg\",\"width\":300,\"height\":300,\"caption\":\"office reh v\\u00e9d\\u0151t\\u00e1ska\"},{\"@type\":\"WebPage\",\"@id\":\"http:\/\/masszazsbirodalom.eu\/?product=office-reh-vedotaska-masszazsszekhez#webpage\",\"url\":\"http:\/\/masszazsbirodalom.eu\/?product=office-reh-vedotaska-masszazsszekhez\",\"name\":\"Office-reh v\\u00e9d\\u0151t\\u00e1ska ( massz\\u00e1zssz\\u00e9khez ) - Emspoma webshop\",\"isPartOf\":{\"@id\":\"http:\/\/masszazsbirodalom.eu\/#website\"},\"primaryImageOfPage\":{\"@id\":\"http:\/\/masszazsbirodalom.eu\/?product=office-reh-vedotaska-masszazsszekhez#primaryimage\"},\"datePublished\":\"2016-07-18T09:26:22+00:00\",\"dateModified\":\"2022-08-08T20:12:15+00:00\",\"breadcrumb\":{\"@id\":\"http:\/\/masszazsbirodalom.eu\/?product=office-reh-vedotaska-masszazsszekhez#breadcrumb\"},\"inLanguage\":\"hu\",\"potentialAction\":[{\"@type\":\"ReadAction\",\"target\":[\"http:\/\/masszazsbirodalom.eu\/?product=office-reh-vedotaska-masszazsszekhez\"]}]},{\"@type\":\"BreadcrumbList\",\"@id\":\"http:\/\/masszazsbirodalom.eu\/?product=office-reh-vedotaska-masszazsszekhez#breadcrumb\",\"itemListElement\":[{\"@type\":\"ListItem\",\"position\":1,\"name\":\"Home\",\"item\":\"http:\/\/masszazsbirodalom.eu\/\"},{\"@type\":\"ListItem\",\"position\":2,\"name\":\"\\u00dczlet\",\"item\":\"http:\/\/masszazsbirodalom.eu\/?page_id=4\"},{\"@type\":\"ListItem\",\"position\":3,\"name\":\"Office-reh v\\u00e9d\\u0151t\\u00e1ska ( massz\\u00e1zssz\\u00e9khez )\"}]}]}<\/script>\n<!-- \/ Yoast SEO plugin. -->","yoast_head_json":{"title":"Office-reh v\u00e9d\u0151t\u00e1ska ( massz\u00e1zssz\u00e9khez ) - Emspoma webshop","robots":{"index":"index","follow":"follow","max-snippet":"max-snippet:-1","max-image-preview":"max-image-preview:large","max-video-preview":"max-video-preview:-1"},"canonical":"http:\/\/masszazsbirodalom.eu\/?product=office-reh-vedotaska-masszazsszekhez","og_locale":"hu_HU","og_type":"article","og_title":"Office-reh v\u00e9d\u0151t\u00e1ska ( massz\u00e1zssz\u00e9khez ) - Emspoma webshop","og_description":"A v\u00e9d\u0151t\u00e1ska er\u0151s, mechanikai s\u00e9r\u00fcl\u00e9seknek ellen\u00e1ll\u00f3 \u00e9s\u00a0v\u00edz\u00e1ll\u00f3 anyagb\u00f3l k\u00e9sz\u00fclt. V\u00e1llp\u00e1ntj\u00e1nak k\u00f6sz\u00f6nhet\u0151en megk\u00f6nny\u00edti a sz\u00e9k hordoz\u00e1s\u00e1t,\u00a0megv\u00e9di a sz\u00e9ket a\u00a0sz\u00e1ll\u00edt\u00e1s k\u00f6zbeni\u00a0esetleges s\u00e9r\u00fcl\u00e9sekt\u0151l.","og_url":"http:\/\/masszazsbirodalom.eu\/?product=office-reh-vedotaska-masszazsszekhez","og_site_name":"Emspoma webshop","article_publisher":"https:\/\/www.facebook.com\/masszazsbirodalom\/","article_modified_time":"2022-08-08T20:12:15+00:00","og_image":[{"width":300,"height":300,"url":"http:\/\/masszazsbirodalom.eu\/wp-content\/uploads\/2016\/09\/office-reh-vedotaska-1.jpg","type":"image\/jpeg"}],"twitter_card":"summary","twitter_site":"@masszazs_bir","schema":{"@context":"https:\/\/schema.org","@graph":[{"@type":"WebSite","@id":"http:\/\/masszazsbirodalom.eu\/#website","url":"http:\/\/masszazsbirodalom.eu\/","name":"Emspoma webshop","description":"","potentialAction":[{"@type":"SearchAction","target":{"@type":"EntryPoint","urlTemplate":"http:\/\/masszazsbirodalom.eu\/?s={search_term_string}"},"query-input":"required name=search_term_string"}],"inLanguage":"hu"},{"@type":"ImageObject","@id":"http:\/\/masszazsbirodalom.eu\/?product=office-reh-vedotaska-masszazsszekhez#primaryimage","inLanguage":"hu","url":"http:\/\/masszazsbirodalom.eu\/wp-content\/uploads\/2016\/09\/office-reh-vedotaska-1.jpg","contentUrl":"http:\/\/masszazsbirodalom.eu\/wp-content\/uploads\/2016\/09\/office-reh-vedotaska-1.jpg","width":300,"height":300,"caption":"office reh v\u00e9d\u0151t\u00e1ska"},{"@type":"WebPage","@id":"http:\/\/masszazsbirodalom.eu\/?product=office-reh-vedotaska-masszazsszekhez#webpage","url":"http:\/\/masszazsbirodalom.eu\/?product=office-reh-vedotaska-masszazsszekhez","name":"Office-reh v\u00e9d\u0151t\u00e1ska ( massz\u00e1zssz\u00e9khez ) - Emspoma webshop","isPartOf":{"@id":"http:\/\/masszazsbirodalom.eu\/#website"},"primaryImageOfPage":{"@id":"http:\/\/masszazsbirodalom.eu\/?product=office-reh-vedotaska-masszazsszekhez#primaryimage"},"datePublished":"2016-07-18T09:26:22+00:00","dateModified":"2022-08-08T20:12:15+00:00","breadcrumb":{"@id":"http:\/\/masszazsbirodalom.eu\/?product=office-reh-vedotaska-masszazsszekhez#breadcrumb"},"inLanguage":"hu","potentialAction":[{"@type":"ReadAction","target":["http:\/\/masszazsbirodalom.eu\/?product=office-reh-vedotaska-masszazsszekhez"]}]},{"@type":"BreadcrumbList","@id":"http:\/\/masszazsbirodalom.eu\/?product=office-reh-vedotaska-masszazsszekhez#breadcrumb","itemListElement":[{"@type":"ListItem","position":1,"name":"Home","item":"http:\/\/masszazsbirodalom.eu\/"},{"@type":"ListItem","position":2,"name":"\u00dczlet","item":"http:\/\/masszazsbirodalom.eu\/?page_id=4"},{"@type":"ListItem","position":3,"name":"Office-reh v\u00e9d\u0151t\u00e1ska ( massz\u00e1zssz\u00e9khez )"}]}]}},"_links":{"self":[{"href":"http:\/\/masszazsbirodalom.eu\/index.php?rest_route=\/wp\/v2\/product\/979"}],"collection":[{"href":"http:\/\/masszazsbirodalom.eu\/index.php?rest_route=\/wp\/v2\/product"}],"about":[{"href":"http:\/\/masszazsbirodalom.eu\/index.php?rest_route=\/wp\/v2\/types\/product"}],"wp:featuredmedia":[{"embeddable":true,"href":"http:\/\/masszazsbirodalom.eu\/index.php?rest_route=\/wp\/v2\/media\/1483"}],"wp:attachment":[{"href":"http:\/\/masszazsbirodalom.eu\/index.php?rest_route=%2Fwp%2Fv2%2Fmedia&parent=979"}],"wp:term":[{"taxonomy":"product_cat","embeddable":true,"href":"http:\/\/masszazsbirodalom.eu\/index.php?rest_route=%2Fwp%2Fv2%2Fproduct_cat&post=979"},{"taxonomy":"product_tag","embeddable":true,"href":"http:\/\/masszazsbirodalom.eu\/index.php?rest_route=%2Fwp%2Fv2%2Fproduct_tag&post=979"}],"curies":[{"name":"wp","href":"https:\/\/api.w.org\/{rel}","templated":true}]}}